{"id":2585,"date":"2015-07-28T14:38:50","date_gmt":"2015-07-28T13:38:50","guid":{"rendered":"http:\/\/www.euroestrellas.com\/?page_id=2585&#038;lang=es"},"modified":"2023-02-02T10:27:02","modified_gmt":"2023-02-02T09:27:02","slug":"inicio","status":"publish","type":"page","link":"https:\/\/www.euroestrellas.com\/es\/","title":{"rendered":"Inicio"},"content":{"rendered":"<div id=\"servicios\" class=\"row-container light bg-scroll\" style=\"\"><div class=\"container\"><div class=\"row\"><div class=\"col-md-12 \"><div class=\"row\"><div class=\"tw-element  col-md-12\" style=\"\" ><\/div><\/div><div class=\"row\"><div class=\"tw-element style_2 col-md-12\" style=\"\" ><div class=\"waves-heading\"><h3 class=\"heading-title\">Servicios<\/h3><span class=\"sub-title\"><\/span><\/div><\/div><\/div><div class=\"row\"><div class=\"tw-element tw-service-box style-1 col-md-3\" style=\"\" style=\"\"><div class=\"tw-service-icon\"><i class=\"tw-font-awesome fa fa-truck\" style=\"border-style: solid;font-style:normal;text-align:center;font-size:28px;width:30px;line-height:30px;padding:18px;color:#fff;background-color:#bf0411;border-color:;border-width:0px;border-radius:100px;-webkit-border-radius:100px;-moz-border-radius:100px;\"><\/i><\/div><div class=\"tw-service-content \"><h3>TRANSPORTE<\/h3><p>En Euroestrellas contamos con una flota propia de veh\u00edculos de gran tonje para el transporte \u2013 formada por m\u00e1s de 20 trailers y camiones \u2013 que ponemos al servicio de clientes y proveedores para transportar sus productos donde sea necesario.<\/p><\/div><\/div><div class=\"tw-element tw-service-box style-1 col-md-3\" style=\"\" style=\"\"><div class=\"tw-service-icon\"><i class=\"tw-font-awesome fa fa-arrows-alt\" style=\"border-style: solid;font-style:normal;text-align:center;font-size:28px;width:30px;line-height:30px;padding:18px;color:#fff;background-color:#bf0411;border-color:;border-width:0px;border-radius:100px;-webkit-border-radius:100px;-moz-border-radius:100px;\"><\/i><\/div><div class=\"tw-service-content \"><h3>LOG\u00cdSTICA<\/h3><p>Gestionamos el producto garantizando siempre unas condiciones \u00f3ptimas\nde almacenamiento, para mantener su calidad hasta llegar al cliente final. En nuestras instalaciones disponemos de cuatro c\u00e1maras con diferentes temperaturas de conservaci\u00f3n seg\u00fan cada necesidad: c\u00e1mara de temperatura ambiente (25\u00ba C), cava de temperatura controlada para a vinos (18\u00ba C), c\u00e1mara de fr\u00edo positivo (4-5\u00ba C) y c\u00e1mara de fr\u00edo negativo (-20\u00ba C).<\/p><\/div><\/div><div class=\"tw-element tw-service-box style-1 col-md-3\" style=\"\" style=\"\"><div class=\"tw-service-icon\"><i class=\"tw-font-awesome fa fa-briefcase\" style=\"border-style: solid;font-style:normal;text-align:center;font-size:28px;width:30px;line-height:30px;padding:18px;color:#fff;background-color:#bf0411;border-color:;border-width:0px;border-radius:100px;-webkit-border-radius:100px;-moz-border-radius:100px;\"><\/i><\/div><div class=\"tw-service-content \"><h3>GESTI\u00d3N COMERCIAL<\/h3><p>El equipo comercial de Euroestrellas visita peri\u00f3dicamente cada cliente y gestiona sus pedidos. El trato pr\u00f3ximo de los profesionales y nuestra experiencia en el sector, hace posible que nos anticipemos a sus necesidades y expectativas, ofreci\u00e9ndoles el mejor servicio.<\/p><\/div><\/div><div class=\"tw-element tw-service-box style-1 col-md-3\" style=\"\" style=\"\"><div class=\"tw-service-icon\"><i class=\"tw-font-awesome fa fa-location-arrow\" style=\"border-style: solid;font-style:normal;text-align:center;font-size:28px;width:30px;line-height:30px;padding:18px;color:#fff;background-color:#bf0411;border-color: ;border-width:0px;border-radius:100px;-webkit-border-radius:100px;-moz-border-radius:100px;\"><\/i><\/div><div class=\"tw-service-content \"><h3>DISTRIBUCI\u00d3N<\/h3><p>Euroestrellas gestiona m\u00e1s de 2.000 referencias de productos de primeras marcas para la hosteler\u00eda y la restauraci\u00f3n, adaptadas a la demanda y preferencias particulares de cada zona. El equipo comercial env\u00eda el pedido y la hacemos llegar a nuestros clientes en 24 horas permitiendo que concentre sus esfuerzos en la gesti\u00f3n de su negocio.<\/p><\/div><\/div><\/div><\/div><\/div><\/div><\/div><div id=\"quien-somos\" class=\"row-container light bg-scroll\" style=\"\"><div class=\"container\"><div class=\"row\"><div class=\"col-md-12 \"><div class=\"row\"><div class=\"tw-element style_2 col-md-12\" style=\"\" ><div class=\"waves-heading\"><h3 class=\"heading-title\">Quien somos<\/h3><span class=\"sub-title\">LA FUERZA DE UN GRUPO<\/span><\/div><\/div><\/div><div class=\"row\"><div class=\"tw-element  col-md-6\" style=\"\" ><p><img loading=\"lazy\" decoding=\"async\" class=\"aligncenter wp-image-2371 size-full\" src=\"http:\/\/www.euroestrellas.com\/wp-content\/uploads\/2014\/01\/Tablet-Mockup.jpg\" alt=\"Tablet-Mockup\" width=\"850\" height=\"584\" srcset=\"https:\/\/www.euroestrellas.com\/wp-content\/uploads\/2014\/01\/Tablet-Mockup.jpg 850w, https:\/\/www.euroestrellas.com\/wp-content\/uploads\/2014\/01\/Tablet-Mockup-300x206.jpg 300w, https:\/\/www.euroestrellas.com\/wp-content\/uploads\/2014\/01\/Tablet-Mockup-670x460.jpg 670w, https:\/\/www.euroestrellas.com\/wp-content\/uploads\/2014\/01\/Tablet-Mockup-230x158.jpg 230w\" sizes=\"auto, (max-width: 850px) 100vw, 850px\" \/><\/p>\n<\/div><div class=\"tw-element waves-accordion col-md-6\" style=\"\" ><div class=\"accordion-group tw-animate-gen active\" data-animation=\"slideDown\" data-animation-delay=\"0\" data-animation-offset=\"90%\" style=\"opacity:0;\"><div class=\"accordion-heading\"><a class=\"accordion-toggle\" data-toggle=\"collapse\" data-parent=\"\" href=\"#\">El poder de las primeras marcas<span class=\"tw-check entypo\"><i class=\"fa entypo minus\">\u229f<\/i><i class=\"fa entypo plus\">\u229e<\/i><\/span><\/a><\/div><div class=\"accordion-body collapse\"><div class=\"accordion-inner\"><p><span style=\"line-height: 1.5em;\">En Euroestrellas distribu\u00edmos productos de primeras marcas, l\u00edderes en el sector. Son marcas que los clients reconocen, valoran y piden. Marcas que son garant\u00eda de satisfacci\u00f3n y de calidad para nuestros clientes.<\/span><\/p>\n<\/div><\/div><\/div><div class=\"accordion-group tw-animate-gen\" data-animation=\"slideDown\" data-animation-delay=\"0\" data-animation-offset=\"90%\" style=\"opacity:0;\"><div class=\"accordion-heading\"><a class=\"accordion-toggle\" data-toggle=\"collapse\" data-parent=\"\" href=\"#\">Al lado de su negocio<span class=\"tw-check entypo\"><i class=\"fa entypo minus\">\u229f<\/i><i class=\"fa entypo plus\">\u229e<\/i><\/span><\/a><\/div><div class=\"accordion-body collapse\"><div class=\"accordion-inner\"><p>Somos un gran grupo de distribuci\u00f3n de productos para la restauraci\u00f3n y la hosteler\u00eda. Ofrecemos un servicio integral y flexible -con un cat\u00e1logo de m\u00e1s de 2.000 referencias de productos- Con un trato pr\u00f3ximo y profesional. Llevamos al establecimiento de nuestros clientes lo que necesiten sin que tengan que preocuparse de nada m\u00e1s que no sea gestionar su propio negocio.<\/p>\n<\/div><\/div><\/div><div class=\"accordion-group\"><div class=\"accordion-heading\"><a class=\"accordion-toggle\" data-toggle=\"collapse\" data-parent=\"\" href=\"#\">Euroestrellas en cifras<span class=\"tw-check entypo\"><i class=\"fa entypo minus\">\u229f<\/i><i class=\"fa entypo plus\">\u229e<\/i><\/span><\/a><\/div><div class=\"accordion-body collapse\"><div class=\"accordion-inner\"><table>\n<tbody>\n<tr>\n<td width=\"250px\"><strong>Centros de trabajo:<\/strong> 18<br \/> <strong>Superficie de terreno:<\/strong> 71.890 m2<br \/> <strong>Superficie edificada:<\/strong> 50.170 m2<br \/> <strong>Empresas de distribuci\u00f3n: <\/strong>23<br \/> <strong>Empresas de log\u00edstica:<\/strong> 2 <br \/> <strong>Otras empresas:<\/strong> 4<\/td>\n<td width=\"250px\"><strong>Trabajadores:<\/strong> 481<br \/> <strong>Puntos de venta:<\/strong> 28.872<br \/> <strong>Veh\u00edculos Distribuci\u00f3n:<\/strong> 212<br \/><strong>Veh\u00edculos Comerciales:<\/strong> 163<br \/><strong>Veh\u00edculos Refrigerados:<\/strong> 5<br \/> <strong>Veh\u00edculos de Gran tonaje:<\/strong> 14<\/td>\n<\/tr>\n<\/tbody>\n<\/table>\n<\/div><\/div><\/div><\/div><\/div><div class=\"row\"><div class=\"tw-element waves-history col-md-12\" style=\"\" ><div class=\"history-container\"><div class=\"history-items\"><div class=\"history-group top\"><span class=\"history-title\">La familia Pujol funda la empresa de fabricaci\u00f3n y venta de bebidas<\/span><div class=\"history-year\" style=\"background-color:#8f8f8f;color:#ffffff;\">1926<\/div><\/div><div class=\"history-group bottom\"><div class=\"history-year\" style=\"background-color:#8f8f8f;color:#ffffff;\">1980<\/div><span class=\"history-title\">Fundaci\u00f3n de Dibages con gerencia de los hermanos Jordi y Carles Pujol<\/span><\/div><div class=\"history-group top\"><span class=\"history-title\">Fundaci\u00f3n del Grup Euroestrellas e inicio de la expansi\u00f3n por Catalunya<\/span><div class=\"history-year\" style=\"background-color:#8f8f8f;color:#ffffff;\">1985<\/div><\/div><div class=\"history-group bottom\"><div class=\"history-year\" style=\"background-color:#8f8f8f;color:#ffffff;\">1999<\/div><span class=\"history-title\">Inici de l\u2019expansi\u00f3 per Espanya.<\/span><\/div><\/div><span class=\"history-bg\"><\/span><\/div><\/div><\/div><\/div><\/div><\/div><\/div><div id=\"empresas\" class=\"row-container light bg-scroll\" style=\"\"><div class=\"container\"><div class=\"row\"><div class=\"col-md-12 \"><div class=\"row\"><div class=\"tw-element style_2 col-md-12\" style=\"\" ><div class=\"waves-heading\"><h3 class=\"heading-title\">Empresas<\/h3><span class=\"sub-title\"><\/span><\/div><\/div><\/div><div class=\"row\"><div class=\"tw-element  col-md-12\" style=\"\" ><p><a href=\"http:\/\/www.euroestrellas.com\/es\/empresas\/\"><img loading=\"lazy\" decoding=\"async\" class=\"alignnone wp-image-2681 size-full\" src=\"http:\/\/www.euroestrellas.com\/wp-content\/uploads\/2015\/07\/mapa_Mockup.jpg\" alt=\"\" width=\"1140\" height=\"540\" srcset=\"https:\/\/www.euroestrellas.com\/wp-content\/uploads\/2015\/07\/mapa_Mockup.jpg 1140w, https:\/\/www.euroestrellas.com\/wp-content\/uploads\/2015\/07\/mapa_Mockup-300x142.jpg 300w, https:\/\/www.euroestrellas.com\/wp-content\/uploads\/2015\/07\/mapa_Mockup-1024x485.jpg 1024w, https:\/\/www.euroestrellas.com\/wp-content\/uploads\/2015\/07\/mapa_Mockup-670x317.jpg 670w, https:\/\/www.euroestrellas.com\/wp-content\/uploads\/2015\/07\/mapa_Mockup-230x109.jpg 230w\" sizes=\"auto, (max-width: 1140px) 100vw, 1140px\" \/><\/a><\/p>\n<\/div><\/div><\/div><\/div><\/div><\/div><div id=\"productos\" class=\"row-container light bg-scroll\" style=\"\"><div class=\"container\"><div class=\"row\"><div class=\"col-md-12 \"><div class=\"row\"><div class=\"tw-element style_2 col-md-12\" style=\"\" ><div class=\"waves-heading\"><h3 class=\"heading-title\">Productos<\/h3><span class=\"sub-title\"><\/span><\/div><\/div><\/div><div class=\"row\"><div class=\"tw-element  col-md-3\" style=\"\" ><h2><a title=\"Cerveses\" href=\"http:\/\/www.euroestrellas.com\/es\/cervezas\/\"><img loading=\"lazy\" decoding=\"async\" class=\"aligncenter wp-image-2561 size-full\" src=\"https:\/\/www.euroestrellas.com\/wp-content\/uploads\/2015\/07\/estrella.jpg\" alt=\"\" width=\"283\" height=\"235\" \/><\/a><\/h2>\n<h3 style=\"text-align: center;\">Cervezas<\/h3>\n<\/div><div class=\"tw-element  col-md-3\" style=\"\" ><h3 style=\"text-align: center;\"><a title=\"Aig\u00fces\" href=\"http:\/\/www.euroestrellas.com\/es\/aigues\/\"><img loading=\"lazy\" decoding=\"async\" class=\"aligncenter wp-image-2564 size-full\" src=\"https:\/\/www.euroestrellas.com\/wp-content\/uploads\/2015\/07\/Viladrau.jpg\" alt=\"\" width=\"283\" height=\"235\" \/><\/a><\/h3>\n<h3 style=\"text-align: center;\">Aguas<\/h3>\n<\/div><div class=\"tw-element  col-md-3\" style=\"\" ><h3 style=\"text-align: center;\"><a title=\"Caf\u00e8s\" href=\"http:\/\/www.euroestrellas.com\/es\/cafes\/\"><img loading=\"lazy\" decoding=\"async\" class=\"aligncenter wp-image-2560 size-full\" src=\"http:\/\/www.euroestrellas.com\/wp-content\/uploads\/2015\/07\/cafe1.jpg\" alt=\"\" width=\"283\" height=\"235\" srcset=\"https:\/\/www.euroestrellas.com\/wp-content\/uploads\/2015\/07\/cafe1.jpg 283w, https:\/\/www.euroestrellas.com\/wp-content\/uploads\/2015\/07\/cafe1-230x191.jpg 230w\" sizes=\"auto, (max-width: 283px) 100vw, 283px\" \/><\/a><\/h3>\n<h3 style=\"text-align: center;\">Caf\u00e9s e infusiones<\/h3>\n<\/div><div class=\"tw-element  col-md-3\" style=\"\" ><h3 class=\"wp-image-2569 size-full aligncenter\"><a title=\"Cuina\" href=\"http:\/\/www.euroestrellas.com\/es\/fresco-y-congelado\/\"><img loading=\"lazy\" decoding=\"async\" class=\"aligncenter wp-image-2569 size-full\" src=\"http:\/\/www.euroestrellas.com\/wp-content\/uploads\/2015\/07\/FRED1.jpg\" alt=\"\" width=\"283\" height=\"235\" srcset=\"https:\/\/www.euroestrellas.com\/wp-content\/uploads\/2015\/07\/FRED1.jpg 283w, https:\/\/www.euroestrellas.com\/wp-content\/uploads\/2015\/07\/FRED1-230x191.jpg 230w\" sizes=\"auto, (max-width: 283px) 100vw, 283px\" \/><\/a><\/h3>\n<h3 class=\"wp-image-2569 size-full aligncenter\" style=\"text-align: center;\">Fresco y congelado<\/h3>\n<\/div><\/div><div class=\"row\"><div class=\"tw-element  col-md-3\" style=\"\" ><p><a href=\"http:\/\/www.euroestrellas.com\/es\/refrescos-2\/\"><img loading=\"lazy\" decoding=\"async\" class=\"aligncenter wp-image-2570 size-full\" src=\"https:\/\/www.euroestrellas.com\/wp-content\/uploads\/2015\/07\/Refresc_cc_a.jpg\" alt=\"\" width=\"283\" height=\"235\" \/><\/a><\/p>\n<h3 style=\"text-align: center;\">Refrescos<\/h3>\n<\/div><div class=\"tw-element  col-md-3\" style=\"\" ><h3 style=\"text-align: center;\"><a title=\"Licors\" href=\"http:\/\/www.euroestrellas.com\/es\/licores\/\"><img loading=\"lazy\" decoding=\"async\" class=\"aligncenter wp-image-2566 size-full\" src=\"http:\/\/www.euroestrellas.com\/wp-content\/uploads\/2015\/07\/LICORS1.jpg\" alt=\"\" width=\"283\" height=\"235\" srcset=\"https:\/\/www.euroestrellas.com\/wp-content\/uploads\/2015\/07\/LICORS1.jpg 283w, https:\/\/www.euroestrellas.com\/wp-content\/uploads\/2015\/07\/LICORS1-230x191.jpg 230w\" sizes=\"auto, (max-width: 283px) 100vw, 283px\" \/><\/a><\/h3>\n<h3 style=\"text-align: center;\">Licores<\/h3>\n<\/div><div class=\"tw-element  col-md-3\" style=\"\" ><p><a title=\"Vins\" href=\"http:\/\/www.euroestrellas.com\/es\/vinos\/\"><img loading=\"lazy\" decoding=\"async\" class=\"aligncenter wp-image-2565 size-full\" src=\"http:\/\/www.euroestrellas.com\/wp-content\/uploads\/2015\/07\/VINS.jpg\" alt=\"\" width=\"283\" height=\"235\" srcset=\"https:\/\/www.euroestrellas.com\/wp-content\/uploads\/2015\/07\/VINS.jpg 283w, https:\/\/www.euroestrellas.com\/wp-content\/uploads\/2015\/07\/VINS-230x191.jpg 230w\" sizes=\"auto, (max-width: 283px) 100vw, 283px\" \/><\/a><\/p>\n<h3 style=\"text-align: center;\">Vinos y cavas<\/h3>\n<\/div><div class=\"tw-element  col-md-3\" style=\"\" ><p style=\"text-align: center;\"><a title=\"Sucs\" href=\"http:\/\/www.euroestrellas.com\/es\/zumos\/\"><img loading=\"lazy\" decoding=\"async\" class=\"aligncenter wp-image-2563 size-full\" src=\"https:\/\/www.euroestrellas.com\/wp-content\/uploads\/2015\/07\/granini1.jpg\" alt=\"\" width=\"283\" height=\"235\" \/><\/a><\/p>\n<h3 style=\"text-align: center;\">Zumos<\/h3>\n<\/div><\/div><div class=\"row\"><div class=\"tw-element  col-md-3\" style=\"\" ><h3 style=\"text-align: center;\"><a title=\"L\u00e0ctics\" href=\"http:\/\/www.euroestrellas.com\/es\/lacteos\/\"><img loading=\"lazy\" decoding=\"async\" class=\"aligncenter wp-image-2562 size-full\" src=\"https:\/\/www.euroestrellas.com\/wp-content\/uploads\/2015\/07\/cacaolat.jpg\" alt=\"\" width=\"283\" height=\"235\" \/><\/a><\/h3>\n<h3 style=\"text-align: center;\">L\u00e1cteos<\/h3>\n<\/div><div class=\"tw-element  col-md-3\" style=\"\" ><h3><a title=\"Cuina\" href=\"http:\/\/www.euroestrellas.com\/es\/cocina\/\"><img loading=\"lazy\" decoding=\"async\" class=\"aligncenter wp-image-2567 size-full\" src=\"http:\/\/www.euroestrellas.com\/wp-content\/uploads\/2015\/07\/CUINA1.jpg\" alt=\"\" width=\"283\" height=\"235\" srcset=\"https:\/\/www.euroestrellas.com\/wp-content\/uploads\/2015\/07\/CUINA1.jpg 283w, https:\/\/www.euroestrellas.com\/wp-content\/uploads\/2015\/07\/CUINA1-230x191.jpg 230w\" sizes=\"auto, (max-width: 283px) 100vw, 283px\" \/><\/a><\/h3>\n<h3 style=\"text-align: center;\">Cocina<\/h3>\n<\/div><div class=\"tw-element  col-md-3\" style=\"\" ><p style=\"text-align: center;\"><a title=\"Cuina\" href=\"http:\/\/www.euroestrellas.com\/es\/menatge\/\"><img loading=\"lazy\" decoding=\"async\" class=\"aligncenter wp-image-2568 size-full\" src=\"http:\/\/www.euroestrellas.com\/wp-content\/uploads\/2015\/07\/MENATGE1.jpg\" alt=\"\" width=\"283\" height=\"235\" srcset=\"https:\/\/www.euroestrellas.com\/wp-content\/uploads\/2015\/07\/MENATGE1.jpg 283w, https:\/\/www.euroestrellas.com\/wp-content\/uploads\/2015\/07\/MENATGE1-230x191.jpg 230w\" sizes=\"auto, (max-width: 283px) 100vw, 283px\" \/><\/a><\/p>\n<h3 style=\"text-align: center;\">Menaje<\/h3>\n<\/div><div class=\"tw-element  col-md-3\" style=\"\" ><p><a title=\"Cuina\" href=\"http:\/\/www.euroestrellas.com\/es\/limpieza\/\"><img loading=\"lazy\" decoding=\"async\" class=\"aligncenter wp-image-2559 size-full\" src=\"http:\/\/www.euroestrellas.com\/wp-content\/uploads\/2015\/07\/neteja.jpg\" alt=\"\" width=\"283\" height=\"235\" srcset=\"https:\/\/www.euroestrellas.com\/wp-content\/uploads\/2015\/07\/neteja.jpg 283w, https:\/\/www.euroestrellas.com\/wp-content\/uploads\/2015\/07\/neteja-230x191.jpg 230w\" sizes=\"auto, (max-width: 283px) 100vw, 283px\" \/><\/a><\/p>\n<h3 style=\"text-align: center;\">Limpieza<\/h3>\n<\/div><\/div><\/div><\/div><\/div><\/div><div id=\"contacto\" class=\"row-container light bg-scroll\" style=\"\"><div class=\"container\"><div class=\"row\"><div class=\"col-md-12 \"><div class=\"row\"><div class=\"tw-element style_2 col-md-12\" style=\"\" ><div class=\"waves-heading\"><h3 class=\"heading-title\">Contacto<\/h3><span class=\"sub-title\"><\/span><\/div><\/div><\/div><div class=\"row\"><div class=\"tw-element  col-md-4\" style=\"\" ><p>Servicio de atenci\u00f3n al cliente.<\/p>\n<p><strong>902 93 23 23<\/strong><br \/><strong><a href=\"mailto:atencio.clients@euroestrellas.com\">info@euroestrellas.com<\/a><\/strong><\/p>\n<\/div><div class=\"tw-element  col-md-8\" style=\"\" >\n<div class=\"wpcf7 no-js\" id=\"wpcf7-f2589-o1\" lang=\"ca\" dir=\"ltr\" data-wpcf7-id=\"2589\">\n<div class=\"screen-reader-response\"><p role=\"status\" aria-live=\"polite\" aria-atomic=\"true\"><\/p> <ul><\/ul><\/div>\n<form action=\"\/es\/wp-json\/wp\/v2\/pages\/2585#wpcf7-f2589-o1\" method=\"post\" class=\"wpcf7-form init\" aria-label=\"Formulari de contacte\" novalidate=\"novalidate\" data-status=\"init\">\n<fieldset class=\"hidden-fields-container\"><input type=\"hidden\" name=\"_wpcf7\" value=\"2589\" \/><input type=\"hidden\" name=\"_wpcf7_version\" value=\"6.1.3\" \/><input type=\"hidden\" name=\"_wpcf7_locale\" value=\"ca\" \/><input type=\"hidden\" name=\"_wpcf7_unit_tag\" value=\"wpcf7-f2589-o1\" \/><input type=\"hidden\" name=\"_wpcf7_container_post\" value=\"0\" \/><input type=\"hidden\" name=\"_wpcf7_posted_data_hash\" value=\"\" \/>\n<\/fieldset>\n<p>Su nombre (obligatorio)\n<\/p>\n<p><span class=\"wpcf7-form-control-wrap\" data-name=\"your-name\"><input size=\"40\" maxlength=\"400\" class=\"wpcf7-form-control wpcf7-text wpcf7-validates-as-required\" aria-required=\"true\" aria-invalid=\"false\" value=\"\" type=\"text\" name=\"your-name\" \/><\/span>\n<\/p>\n<p>Su email (obligatorio)\n<\/p>\n<p><span class=\"wpcf7-form-control-wrap\" data-name=\"your-email\"><input size=\"40\" maxlength=\"400\" class=\"wpcf7-form-control wpcf7-email wpcf7-validates-as-required wpcf7-text wpcf7-validates-as-email\" aria-required=\"true\" aria-invalid=\"false\" value=\"\" type=\"email\" name=\"your-email\" \/><\/span>\n<\/p>\n<p>Asunto\n<\/p>\n<p><span class=\"wpcf7-form-control-wrap\" data-name=\"your-subject\"><input size=\"40\" maxlength=\"400\" class=\"wpcf7-form-control wpcf7-text\" aria-invalid=\"false\" value=\"\" type=\"text\" name=\"your-subject\" \/><\/span>\n<\/p>\n<p>Mensaje\n<\/p>\n<p><span class=\"wpcf7-form-control-wrap\" data-name=\"your-message\"><textarea cols=\"40\" rows=\"10\" maxlength=\"2000\" class=\"wpcf7-form-control wpcf7-textarea\" aria-invalid=\"false\" name=\"your-message\"><\/textarea><\/span>\n<\/p>\n<p><span class=\"wpcf7-form-control-wrap\" data-name=\"politica\"><span class=\"wpcf7-form-control wpcf7-acceptance\"><span class=\"wpcf7-list-item\"><input type=\"checkbox\" name=\"politica\" value=\"1\" id=\"politica\" aria-invalid=\"false\" \/><\/span><\/span><\/span> He le\u00eddo y acepto la <a href=\"https:\/\/www.euroestrellas.com\/es\/politica-de-privacidad\/\">Pol\u00edtica de privacidad<\/a>.\n<\/p>\n<p><span class=\"wpcf7-form-control-wrap\" data-name=\"recibir\"><span class=\"wpcf7-form-control wpcf7-acceptance\"><span class=\"wpcf7-list-item\"><input type=\"checkbox\" name=\"recibir\" value=\"1\" id=\"recibir\" aria-invalid=\"false\" \/><\/span><\/span><\/span> Acepto recibir informaci\u00f3n comercial de EUROESTRELLAS GRUP*\n<\/p>\n<p>Informaci\u00f3n b\u00e1sica sobre el tratamiento de datos (LO 3\/2018 y Reglamento (UE) 2016\/679 [RGPD])<br \/>\nResponsable del tratamiento: EUROESTRELLAS GRUP*<br \/>\nFinalidad: Ofrecer y gestionar nuestros servicios de consultoria y gesti\u00f3n empresarial.<br \/>\nDerechos: Puede ejercer los derechos previstos en los art\u00edculos 15 a 22 del RGPD, que se recogen en nuestra <a href=\"https:\/\/www.euroestrellas.com\/es\/politica-de-privacidad\/\">pol\u00edtica de privacidad<\/a>.<br \/>\n*Puede consultar las empresas que conformen EUROESTRELLAS GRUP <a href=\"https:\/\/www.euroestrellas.com\/es\/empresas\/\">aqu\u00ed<\/a>\n<\/p>\n<p>Introduce este c\u00f3digo por seguridad\n<\/p>\n<p><input type=\"hidden\" name=\"_wpcf7_captcha_challenge_captcha-253\" value=\"1952326217\" \/><img loading=\"lazy\" decoding=\"async\" class=\"wpcf7-form-control wpcf7-captchac wpcf7-captcha-captcha-253\" width=\"60\" height=\"20\" alt=\"captcha\" src=\"https:\/\/www.euroestrellas.com\/wp-content\/uploads\/wpcf7_captcha\/1952326217.png\" \/>\n<\/p>\n<p><span class=\"wpcf7-form-control-wrap\" data-name=\"captcha-253\"><input size=\"50\" maxlength=\"8\" class=\"wpcf7-form-control wpcf7-captchar\" autocomplete=\"off\" aria-invalid=\"false\" value=\"\" type=\"text\" name=\"captcha-253\" \/><\/span>\n<\/p>\n<p><input class=\"wpcf7-form-control wpcf7-submit has-spinner\" type=\"submit\" value=\"Enviar\" \/>\n<\/p><div class=\"wpcf7-response-output\" aria-hidden=\"true\"><\/div>\n<\/form>\n<\/div>\n\n<\/div><\/div><\/div><\/div><\/div><\/div>","protected":false},"excerpt":{"rendered":"<p>ServiciosTRANSPORTEEn Euroestrellas contamos con una flota propia de veh\u00edculos de gran tonje para el transporte \u2013 formada por m\u00e1s de 20 trailers y camiones \u2013 que ponemos al servicio de clientes y proveedores para transportar sus productos donde sea necesario.LOG\u00cdSTICAGestionamos el producto garantizando siempre unas condiciones \u00f3ptimas de almacenamiento, para mantener su calidad hasta llegar [&hellip;]<\/p>\n","protected":false},"author":3,"featured_media":0,"parent":0,"menu_order":0,"comment_status":"closed","ping_status":"closed","template":"page-onepage.php","meta":{"footnotes":""},"class_list":["post-2585","page","type-page","status-publish","hentry"],"_links":{"self":[{"href":"https:\/\/www.euroestrellas.com\/es\/wp-json\/wp\/v2\/pages\/2585","targetHints":{"allow":["GET"]}}],"collection":[{"href":"https:\/\/www.euroestrellas.com\/es\/wp-json\/wp\/v2\/pages"}],"about":[{"href":"https:\/\/www.euroestrellas.com\/es\/wp-json\/wp\/v2\/types\/page"}],"author":[{"embeddable":true,"href":"https:\/\/www.euroestrellas.com\/es\/wp-json\/wp\/v2\/users\/3"}],"replies":[{"embeddable":true,"href":"https:\/\/www.euroestrellas.com\/es\/wp-json\/wp\/v2\/comments?post=2585"}],"version-history":[{"count":6,"href":"https:\/\/www.euroestrellas.com\/es\/wp-json\/wp\/v2\/pages\/2585\/revisions"}],"predecessor-version":[{"id":3460,"href":"https:\/\/www.euroestrellas.com\/es\/wp-json\/wp\/v2\/pages\/2585\/revisions\/3460"}],"wp:attachment":[{"href":"https:\/\/www.euroestrellas.com\/es\/wp-json\/wp\/v2\/media?parent=2585"}],"curies":[{"name":"wp","href":"https:\/\/api.w.org\/{rel}","templated":true}]}}