{"id":2609,"date":"2015-07-28T16:42:53","date_gmt":"2015-07-28T16:42:53","guid":{"rendered":"http:\/\/www.euroestrellas.com\/?page_id=2609&#038;lang=es"},"modified":"2015-08-14T09:15:58","modified_gmt":"2015-08-14T09:15:58","slug":"cafes","status":"publish","type":"page","link":"https:\/\/www.euroestrellas.com\/es\/cafes\/","title":{"rendered":"Caf\u00e9s"},"content":{"rendered":"<div class=\"row-container light bg-scroll\" style=\"\"><div class=\"container\"><div class=\"row\"><div class=\"col-md-12 \"><div class=\"row\"><div class=\"tw-element  col-md-12\" style=\"\" ><h3 style=\"text-align: center;\">Caf\u00e9s<\/h3>\n<\/div><\/div><div class=\"row\"><div class=\"tw-element  col-md-4\" style=\"\" ><p style=\"text-align: center;\"><img loading=\"lazy\" decoding=\"async\" class=\"aligncenter wp-image-2443 size-full\" src=\"http:\/\/www.euroestrellas.com\/wp-content\/uploads\/2014\/10\/cafecrem2.jpg\" alt=\"\" width=\"300\" height=\"300\" srcset=\"https:\/\/www.euroestrellas.com\/wp-content\/uploads\/2014\/10\/cafecrem2.jpg 300w, https:\/\/www.euroestrellas.com\/wp-content\/uploads\/2014\/10\/cafecrem2-150x150.jpg 150w, https:\/\/www.euroestrellas.com\/wp-content\/uploads\/2014\/10\/cafecrem2-230x230.jpg 230w\" sizes=\"auto, (max-width: 300px) 100vw, 300px\" \/>Caf\u00e9 Crem Classic<\/p>\n<\/div><div class=\"tw-element  col-md-4\" style=\"\" ><p style=\"text-align: center;\"><img loading=\"lazy\" decoding=\"async\" class=\"aligncenter wp-image-2445 size-full\" src=\"http:\/\/www.euroestrellas.com\/wp-content\/uploads\/2014\/10\/Cafecrem-express.jpg\" alt=\"\" width=\"300\" height=\"300\" srcset=\"https:\/\/www.euroestrellas.com\/wp-content\/uploads\/2014\/10\/Cafecrem-express.jpg 300w, https:\/\/www.euroestrellas.com\/wp-content\/uploads\/2014\/10\/Cafecrem-express-150x150.jpg 150w, https:\/\/www.euroestrellas.com\/wp-content\/uploads\/2014\/10\/Cafecrem-express-230x230.jpg 230w\" sizes=\"auto, (max-width: 300px) 100vw, 300px\" \/>Caf\u00e9 Crem Express<\/p>\n<\/div><div class=\"tw-element  col-md-4\" style=\"\" ><p style=\"text-align: center;\"><img loading=\"lazy\" decoding=\"async\" class=\"aligncenter wp-image-2444 size-full\" src=\"http:\/\/www.euroestrellas.com\/wp-content\/uploads\/2014\/10\/cafecrem-hosteleria.jpg\" alt=\"\" width=\"300\" height=\"300\" srcset=\"https:\/\/www.euroestrellas.com\/wp-content\/uploads\/2014\/10\/cafecrem-hosteleria.jpg 300w, https:\/\/www.euroestrellas.com\/wp-content\/uploads\/2014\/10\/cafecrem-hosteleria-150x150.jpg 150w, https:\/\/www.euroestrellas.com\/wp-content\/uploads\/2014\/10\/cafecrem-hosteleria-230x230.jpg 230w\" sizes=\"auto, (max-width: 300px) 100vw, 300px\" \/>Caf\u00e9 Crem Hosteler\u00eda<\/p>\n<\/div><\/div><div class=\"row\"><div class=\"tw-element  col-md-4\" style=\"\" ><p style=\"text-align: center;\"><img loading=\"lazy\" decoding=\"async\" class=\"aligncenter wp-image-2446 size-full\" src=\"http:\/\/www.euroestrellas.com\/wp-content\/uploads\/2014\/10\/cafecrem-llauna.jpg\" alt=\"\" width=\"300\" height=\"300\" srcset=\"https:\/\/www.euroestrellas.com\/wp-content\/uploads\/2014\/10\/cafecrem-llauna.jpg 300w, https:\/\/www.euroestrellas.com\/wp-content\/uploads\/2014\/10\/cafecrem-llauna-150x150.jpg 150w, https:\/\/www.euroestrellas.com\/wp-content\/uploads\/2014\/10\/cafecrem-llauna-230x230.jpg 230w\" sizes=\"auto, (max-width: 300px) 100vw, 300px\" \/>Caf\u00e9 Crem 3kg.<\/p>\n<\/div><div class=\"tw-element  col-md-4\" style=\"\" ><p style=\"text-align: center;\"><img loading=\"lazy\" decoding=\"async\" class=\"aligncenter wp-image-2232 size-full\" src=\"http:\/\/www.euroestrellas.com\/wp-content\/uploads\/2014\/10\/Euroestrellas-cafe_0001_IDEAL-COFFEE-1kg.jpg\" alt=\"Euroestrellas-cafe_0001_IDEAL COFFEE 1kg\" width=\"300\" height=\"300\" srcset=\"https:\/\/www.euroestrellas.com\/wp-content\/uploads\/2014\/10\/Euroestrellas-cafe_0001_IDEAL-COFFEE-1kg.jpg 300w, https:\/\/www.euroestrellas.com\/wp-content\/uploads\/2014\/10\/Euroestrellas-cafe_0001_IDEAL-COFFEE-1kg-150x150.jpg 150w, https:\/\/www.euroestrellas.com\/wp-content\/uploads\/2014\/10\/Euroestrellas-cafe_0001_IDEAL-COFFEE-1kg-230x230.jpg 230w\" sizes=\"auto, (max-width: 300px) 100vw, 300px\" \/>Ideal Coffee<\/p>\n<\/div><div class=\"tw-element  col-md-4\" style=\"\" ><p style=\"text-align: center;\"><img loading=\"lazy\" decoding=\"async\" class=\"aligncenter wp-image-2447 size-full\" src=\"http:\/\/www.euroestrellas.com\/wp-content\/uploads\/2014\/10\/idealcoffee.jpg\" alt=\"\" width=\"300\" height=\"300\" srcset=\"https:\/\/www.euroestrellas.com\/wp-content\/uploads\/2014\/10\/idealcoffee.jpg 300w, https:\/\/www.euroestrellas.com\/wp-content\/uploads\/2014\/10\/idealcoffee-150x150.jpg 150w, https:\/\/www.euroestrellas.com\/wp-content\/uploads\/2014\/10\/idealcoffee-230x230.jpg 230w\" sizes=\"auto, (max-width: 300px) 100vw, 300px\" \/>Ideal Coffee 3kg.<\/p>\n<\/div><\/div><div class=\"row\"><div class=\"tw-element  col-md-12\" style=\"\" ><h3 style=\"text-align: center;\">Infusiones<\/h3>\n<\/div><\/div><div class=\"row\"><div class=\"tw-element  col-md-3\" style=\"\" ><p style=\"text-align: center;\"><img loading=\"lazy\" decoding=\"async\" class=\"aligncenter wp-image-2460 size-full\" src=\"http:\/\/www.euroestrellas.com\/wp-content\/uploads\/2015\/06\/ideal_infusions_digestiva.jpg\" alt=\"\" width=\"300\" height=\"300\" srcset=\"https:\/\/www.euroestrellas.com\/wp-content\/uploads\/2015\/06\/ideal_infusions_digestiva.jpg 300w, https:\/\/www.euroestrellas.com\/wp-content\/uploads\/2015\/06\/ideal_infusions_digestiva-150x150.jpg 150w, https:\/\/www.euroestrellas.com\/wp-content\/uploads\/2015\/06\/ideal_infusions_digestiva-230x230.jpg 230w\" sizes=\"auto, (max-width: 300px) 100vw, 300px\" \/>Ideal Infusions ecol\u00f3gica<\/p>\n<\/div><div class=\"tw-element  col-md-3\" style=\"\" ><p style=\"text-align: center;\"><img loading=\"lazy\" decoding=\"async\" class=\"aligncenter wp-image-2461 size-full\" src=\"http:\/\/www.euroestrellas.com\/wp-content\/uploads\/2015\/06\/ideal_infusions_menta.jpg\" alt=\"\" width=\"300\" height=\"300\" srcset=\"https:\/\/www.euroestrellas.com\/wp-content\/uploads\/2015\/06\/ideal_infusions_menta.jpg 300w, https:\/\/www.euroestrellas.com\/wp-content\/uploads\/2015\/06\/ideal_infusions_menta-150x150.jpg 150w, https:\/\/www.euroestrellas.com\/wp-content\/uploads\/2015\/06\/ideal_infusions_menta-230x230.jpg 230w\" sizes=\"auto, (max-width: 300px) 100vw, 300px\" \/>Ideal Infusions natural<\/p>\n<\/div><div class=\"tw-element  col-md-3\" style=\"\" ><p style=\"text-align: center;\"><img loading=\"lazy\" decoding=\"async\" class=\"aligncenter wp-image-2462 size-full\" src=\"http:\/\/www.euroestrellas.com\/wp-content\/uploads\/2015\/06\/ideal_infusions_esencial.jpg\" alt=\"\" width=\"300\" height=\"300\" srcset=\"https:\/\/www.euroestrellas.com\/wp-content\/uploads\/2015\/06\/ideal_infusions_esencial.jpg 300w, https:\/\/www.euroestrellas.com\/wp-content\/uploads\/2015\/06\/ideal_infusions_esencial-150x150.jpg 150w, https:\/\/www.euroestrellas.com\/wp-content\/uploads\/2015\/06\/ideal_infusions_esencial-230x230.jpg 230w\" sizes=\"auto, (max-width: 300px) 100vw, 300px\" \/>Ideal Infusions esencial<\/p>\n<\/div><div class=\"tw-element  col-md-3\" style=\"\" ><p style=\"text-align: center;\"><img loading=\"lazy\" decoding=\"async\" class=\"aligncenter wp-image-2449 size-full\" src=\"http:\/\/www.euroestrellas.com\/wp-content\/uploads\/2015\/06\/instant-infusions.jpg\" alt=\"\" width=\"300\" height=\"300\" srcset=\"https:\/\/www.euroestrellas.com\/wp-content\/uploads\/2015\/06\/instant-infusions.jpg 300w, https:\/\/www.euroestrellas.com\/wp-content\/uploads\/2015\/06\/instant-infusions-150x150.jpg 150w, https:\/\/www.euroestrellas.com\/wp-content\/uploads\/2015\/06\/instant-infusions-230x230.jpg 230w\" sizes=\"auto, (max-width: 300px) 100vw, 300px\" \/>Instant Infusions<\/p>\n<\/div><\/div><div class=\"row\"><div class=\"tw-element  col-md-12\" style=\"\" ><p style=\"text-align: center;\"><a href=\"http:\/\/www.euroestrellas.com\/es\/#productos\" target=\"_self\" class=\"btn rounded btn-flat btn-small\" style=\"border-color:#ff0000;background-color:#ff0000\">Volver<span><\/span><\/a><\/p>\n<\/div><\/div><\/div><\/div><\/div><\/div>","protected":false},"excerpt":{"rendered":"<p>Caf\u00e9s Caf\u00e9 Crem Classic Caf\u00e9 Crem Express Caf\u00e9 Crem Hosteler\u00eda Caf\u00e9 Crem 3kg. Ideal Coffee Ideal Coffee 3kg. Infusiones Ideal Infusions ecol\u00f3gica Ideal Infusions natural Ideal Infusions esencial Instant Infusions Volver<\/p>\n","protected":false},"author":3,"featured_media":0,"parent":0,"menu_order":0,"comment_status":"closed","ping_status":"closed","template":"","meta":{"footnotes":""},"class_list":["post-2609","page","type-page","status-publish","hentry"],"_links":{"self":[{"href":"https:\/\/www.euroestrellas.com\/es\/wp-json\/wp\/v2\/pages\/2609","targetHints":{"allow":["GET"]}}],"collection":[{"href":"https:\/\/www.euroestrellas.com\/es\/wp-json\/wp\/v2\/pages"}],"about":[{"href":"https:\/\/www.euroestrellas.com\/es\/wp-json\/wp\/v2\/types\/page"}],"author":[{"embeddable":true,"href":"https:\/\/www.euroestrellas.com\/es\/wp-json\/wp\/v2\/users\/3"}],"replies":[{"embeddable":true,"href":"https:\/\/www.euroestrellas.com\/es\/wp-json\/wp\/v2\/comments?post=2609"}],"version-history":[{"count":1,"href":"https:\/\/www.euroestrellas.com\/es\/wp-json\/wp\/v2\/pages\/2609\/revisions"}],"predecessor-version":[{"id":2610,"href":"https:\/\/www.euroestrellas.com\/es\/wp-json\/wp\/v2\/pages\/2609\/revisions\/2610"}],"wp:attachment":[{"href":"https:\/\/www.euroestrellas.com\/es\/wp-json\/wp\/v2\/media?parent=2609"}],"curies":[{"name":"wp","href":"https:\/\/api.w.org\/{rel}","templated":true}]}}