{"id":2639,"date":"2015-07-29T06:29:25","date_gmt":"2015-07-29T06:29:25","guid":{"rendered":"http:\/\/www.euroestrellas.com\/?page_id=2639&#038;lang=es"},"modified":"2015-08-14T09:14:20","modified_gmt":"2015-08-14T09:14:20","slug":"vinos","status":"publish","type":"page","link":"https:\/\/www.euroestrellas.com\/es\/vinos\/","title":{"rendered":"Vinos"},"content":{"rendered":"<div class=\"row-container light bg-scroll\" style=\"\"><div class=\"container\"><div class=\"row\"><div class=\"col-md-12 \"><div class=\"row\"><div class=\"tw-element  col-md-12\" style=\"\" ><h3 style=\"text-align: center;\">Vinos en exclusiva<\/h3>\n<\/div><\/div><div class=\"row\"><div class=\"tw-element  col-md-3\" style=\"\" ><p style=\"text-align: center;\"><img loading=\"lazy\" decoding=\"async\" class=\"aligncenter wp-image-2281 size-full\" src=\"http:\/\/www.euroestrellas.com\/wp-content\/uploads\/2014\/10\/Euroestrellas-vins_0005_FAUSTINO-RIVERO-Jove.jpg\" alt=\"Euroestrellas-vins_0005_FAUSTINO RIVERO Jove\" width=\"300\" height=\"300\" srcset=\"https:\/\/www.euroestrellas.com\/wp-content\/uploads\/2014\/10\/Euroestrellas-vins_0005_FAUSTINO-RIVERO-Jove.jpg 300w, https:\/\/www.euroestrellas.com\/wp-content\/uploads\/2014\/10\/Euroestrellas-vins_0005_FAUSTINO-RIVERO-Jove-150x150.jpg 150w, https:\/\/www.euroestrellas.com\/wp-content\/uploads\/2014\/10\/Euroestrellas-vins_0005_FAUSTINO-RIVERO-Jove-230x230.jpg 230w\" sizes=\"auto, (max-width: 300px) 100vw, 300px\" \/>Faustino Rivero &#8211; RIOJA<\/p>\n<\/div><div class=\"tw-element  col-md-3\" style=\"\" ><p style=\"text-align: center;\"><img loading=\"lazy\" decoding=\"async\" class=\"aligncenter wp-image-2524 size-full\" src=\"http:\/\/www.euroestrellas.com\/wp-content\/uploads\/2014\/10\/ladronguevara.jpg\" alt=\"\" width=\"300\" height=\"300\" srcset=\"https:\/\/www.euroestrellas.com\/wp-content\/uploads\/2014\/10\/ladronguevara.jpg 300w, https:\/\/www.euroestrellas.com\/wp-content\/uploads\/2014\/10\/ladronguevara-150x150.jpg 150w, https:\/\/www.euroestrellas.com\/wp-content\/uploads\/2014\/10\/ladronguevara-230x230.jpg 230w\" sizes=\"auto, (max-width: 300px) 100vw, 300px\" \/>Ladr\u00f3n de Guevara &#8211; RIOJA ALAVESA<\/p>\n<\/div><div class=\"tw-element  col-md-3\" style=\"\" ><p style=\"text-align: center;\"><img loading=\"lazy\" decoding=\"async\" class=\"aligncenter wp-image-2280 size-full\" src=\"http:\/\/www.euroestrellas.com\/wp-content\/uploads\/2014\/10\/Euroestrellas-vins_0004_FAUSTINO-V-Reserva.jpg\" alt=\"\" width=\"300\" height=\"300\" srcset=\"https:\/\/www.euroestrellas.com\/wp-content\/uploads\/2014\/10\/Euroestrellas-vins_0004_FAUSTINO-V-Reserva.jpg 300w, https:\/\/www.euroestrellas.com\/wp-content\/uploads\/2014\/10\/Euroestrellas-vins_0004_FAUSTINO-V-Reserva-150x150.jpg 150w, https:\/\/www.euroestrellas.com\/wp-content\/uploads\/2014\/10\/Euroestrellas-vins_0004_FAUSTINO-V-Reserva-230x230.jpg 230w\" sizes=\"auto, (max-width: 300px) 100vw, 300px\" \/>Faustino V &#8211; RIOJA<\/p>\n<\/div><div class=\"tw-element  col-md-3\" style=\"\" ><p style=\"text-align: center;\"><img loading=\"lazy\" decoding=\"async\" class=\"aligncenter wp-image-2278 size-full\" src=\"http:\/\/www.euroestrellas.com\/wp-content\/uploads\/2014\/10\/Euroestrellas-vins_0002_torre-pingon-roble-2004.jpg\" alt=\"\" width=\"300\" height=\"300\" srcset=\"https:\/\/www.euroestrellas.com\/wp-content\/uploads\/2014\/10\/Euroestrellas-vins_0002_torre-pingon-roble-2004.jpg 300w, https:\/\/www.euroestrellas.com\/wp-content\/uploads\/2014\/10\/Euroestrellas-vins_0002_torre-pingon-roble-2004-150x150.jpg 150w, https:\/\/www.euroestrellas.com\/wp-content\/uploads\/2014\/10\/Euroestrellas-vins_0002_torre-pingon-roble-2004-230x230.jpg 230w\" sizes=\"auto, (max-width: 300px) 100vw, 300px\" \/>Torre Ping\u00f3n &#8211; RIBERA DEL DUERO<\/p>\n<\/div><\/div><div class=\"row\"><div class=\"tw-element  col-md-3\" style=\"\" ><p style=\"text-align: center;\"><img loading=\"lazy\" decoding=\"async\" class=\"aligncenter wp-image-2525 size-full\" src=\"http:\/\/www.euroestrellas.com\/wp-content\/uploads\/2014\/10\/portia-ebeia.jpg\" alt=\"\" width=\"300\" height=\"300\" srcset=\"https:\/\/www.euroestrellas.com\/wp-content\/uploads\/2014\/10\/portia-ebeia.jpg 300w, https:\/\/www.euroestrellas.com\/wp-content\/uploads\/2014\/10\/portia-ebeia-150x150.jpg 150w, https:\/\/www.euroestrellas.com\/wp-content\/uploads\/2014\/10\/portia-ebeia-230x230.jpg 230w\" sizes=\"auto, (max-width: 300px) 100vw, 300px\" \/>Portia Ebeia &#8211; RIBERA DEL DUERO<\/p>\n<\/div><div class=\"tw-element  col-md-3\" style=\"\" ><p style=\"text-align: center;\"><img loading=\"lazy\" decoding=\"async\" class=\"aligncenter wp-image-2423 size-full\" src=\"http:\/\/www.euroestrellas.com\/wp-content\/uploads\/2014\/10\/torre-pingon-verdejo.jpg\" alt=\"\" width=\"300\" height=\"300\" srcset=\"https:\/\/www.euroestrellas.com\/wp-content\/uploads\/2014\/10\/torre-pingon-verdejo.jpg 300w, https:\/\/www.euroestrellas.com\/wp-content\/uploads\/2014\/10\/torre-pingon-verdejo-150x150.jpg 150w, https:\/\/www.euroestrellas.com\/wp-content\/uploads\/2014\/10\/torre-pingon-verdejo-230x230.jpg 230w\" sizes=\"auto, (max-width: 300px) 100vw, 300px\" \/>Torre Ping\u00f3n &#8211; RUEDA<\/p>\n<\/div><div class=\"tw-element  col-md-3\" style=\"\" ><p style=\"text-align: center;\"><img loading=\"lazy\" decoding=\"async\" class=\"aligncenter wp-image-2526 size-full\" src=\"http:\/\/www.euroestrellas.com\/wp-content\/uploads\/2014\/10\/olvena.jpg\" alt=\"\" width=\"300\" height=\"300\" srcset=\"https:\/\/www.euroestrellas.com\/wp-content\/uploads\/2014\/10\/olvena.jpg 300w, https:\/\/www.euroestrellas.com\/wp-content\/uploads\/2014\/10\/olvena-150x150.jpg 150w, https:\/\/www.euroestrellas.com\/wp-content\/uploads\/2014\/10\/olvena-230x230.jpg 230w\" sizes=\"auto, (max-width: 300px) 100vw, 300px\" \/>Olvena &#8211; SOMONTANO<\/p>\n<\/div><div class=\"tw-element  col-md-3\" style=\"\" ><p style=\"text-align: center;\"><img loading=\"lazy\" decoding=\"async\" class=\"aligncenter wp-image-2528 size-full\" src=\"http:\/\/www.euroestrellas.com\/wp-content\/uploads\/2015\/07\/orballo.jpg\" alt=\"\" width=\"300\" height=\"300\" srcset=\"https:\/\/www.euroestrellas.com\/wp-content\/uploads\/2015\/07\/orballo.jpg 300w, https:\/\/www.euroestrellas.com\/wp-content\/uploads\/2015\/07\/orballo-150x150.jpg 150w, https:\/\/www.euroestrellas.com\/wp-content\/uploads\/2015\/07\/orballo-230x230.jpg 230w\" sizes=\"auto, (max-width: 300px) 100vw, 300px\" \/>Orballo &#8211; R\u00cdAS BAIXAS<\/p>\n<\/div><\/div><div class=\"row\"><div class=\"tw-element  col-md-3\" style=\"\" ><p style=\"text-align: center;\"><img loading=\"lazy\" decoding=\"async\" class=\"aligncenter wp-image-2282 size-full\" src=\"http:\/\/www.euroestrellas.com\/wp-content\/uploads\/2014\/10\/Euroestrellas-vins_0006_COR-DEL-PAIS.jpg\" alt=\"\" width=\"300\" height=\"300\" srcset=\"https:\/\/www.euroestrellas.com\/wp-content\/uploads\/2014\/10\/Euroestrellas-vins_0006_COR-DEL-PAIS.jpg 300w, https:\/\/www.euroestrellas.com\/wp-content\/uploads\/2014\/10\/Euroestrellas-vins_0006_COR-DEL-PAIS-150x150.jpg 150w, https:\/\/www.euroestrellas.com\/wp-content\/uploads\/2014\/10\/Euroestrellas-vins_0006_COR-DEL-PAIS-230x230.jpg 230w\" sizes=\"auto, (max-width: 300px) 100vw, 300px\" \/>Cor del Pais &#8211; MONTSANT<\/p>\n<\/div><div class=\"tw-element  col-md-3\" style=\"\" ><p style=\"text-align: center;\"><img loading=\"lazy\" decoding=\"async\" class=\"aligncenter wp-image-2527 size-full\" src=\"http:\/\/www.euroestrellas.com\/wp-content\/uploads\/2015\/07\/closdelaterra.jpg\" alt=\"\" width=\"300\" height=\"300\" srcset=\"https:\/\/www.euroestrellas.com\/wp-content\/uploads\/2015\/07\/closdelaterra.jpg 300w, https:\/\/www.euroestrellas.com\/wp-content\/uploads\/2015\/07\/closdelaterra-150x150.jpg 150w, https:\/\/www.euroestrellas.com\/wp-content\/uploads\/2015\/07\/closdelaterra-230x230.jpg 230w\" sizes=\"auto, (max-width: 300px) 100vw, 300px\" \/>Clos de la Terra &#8211; CATALUNYA<\/p>\n<\/div><div class=\"tw-element  col-md-3\" style=\"\" ><p style=\"text-align: center;\"><img loading=\"lazy\" decoding=\"async\" class=\"aligncenter wp-image-2426 size-full\" src=\"http:\/\/www.euroestrellas.com\/wp-content\/uploads\/2014\/10\/MAS-MACIA.jpg\" alt=\"\" width=\"300\" height=\"300\" srcset=\"https:\/\/www.euroestrellas.com\/wp-content\/uploads\/2014\/10\/MAS-MACIA.jpg 300w, https:\/\/www.euroestrellas.com\/wp-content\/uploads\/2014\/10\/MAS-MACIA-150x150.jpg 150w, https:\/\/www.euroestrellas.com\/wp-content\/uploads\/2014\/10\/MAS-MACIA-230x230.jpg 230w\" sizes=\"auto, (max-width: 300px) 100vw, 300px\" \/>Mas Maci\u00e0 Suprem &#8211; CATALUNYA<\/p>\n<\/div><div class=\"tw-element  col-md-3\" style=\"\" ><p style=\"text-align: center;\"><img loading=\"lazy\" decoding=\"async\" class=\"aligncenter wp-image-2421 size-full\" src=\"http:\/\/www.euroestrellas.com\/wp-content\/uploads\/2014\/10\/clos-dalian.jpg\" alt=\"\" width=\"300\" height=\"300\" srcset=\"https:\/\/www.euroestrellas.com\/wp-content\/uploads\/2014\/10\/clos-dalian.jpg 300w, https:\/\/www.euroestrellas.com\/wp-content\/uploads\/2014\/10\/clos-dalian-150x150.jpg 150w, https:\/\/www.euroestrellas.com\/wp-content\/uploads\/2014\/10\/clos-dalian-230x230.jpg 230w\" sizes=\"auto, (max-width: 300px) 100vw, 300px\" \/>Clos Dalian &#8211; TERRA ALTA<\/p>\n<\/div><\/div><div class=\"row\"><div class=\"tw-element  col-md-3\" style=\"\" ><p style=\"text-align: center;\"><img loading=\"lazy\" decoding=\"async\" class=\"aligncenter wp-image-2530 size-full\" src=\"http:\/\/www.euroestrellas.com\/wp-content\/uploads\/2015\/07\/convey.jpg\" alt=\"\" width=\"300\" height=\"300\" srcset=\"https:\/\/www.euroestrellas.com\/wp-content\/uploads\/2015\/07\/convey.jpg 300w, https:\/\/www.euroestrellas.com\/wp-content\/uploads\/2015\/07\/convey-150x150.jpg 150w, https:\/\/www.euroestrellas.com\/wp-content\/uploads\/2015\/07\/convey-230x230.jpg 230w\" sizes=\"auto, (max-width: 300px) 100vw, 300px\" \/>Convey &#8211; PRIORAT<\/p>\n<\/div><div class=\"tw-element  col-md-3\" style=\"\" ><p style=\"text-align: center;\"><img loading=\"lazy\" decoding=\"async\" class=\"aligncenter wp-image-2424 size-full\" src=\"http:\/\/www.euroestrellas.com\/wp-content\/uploads\/2014\/10\/barthomeus.jpg\" alt=\"\" width=\"300\" height=\"300\" srcset=\"https:\/\/www.euroestrellas.com\/wp-content\/uploads\/2014\/10\/barthomeus.jpg 300w, https:\/\/www.euroestrellas.com\/wp-content\/uploads\/2014\/10\/barthomeus-150x150.jpg 150w, https:\/\/www.euroestrellas.com\/wp-content\/uploads\/2014\/10\/barthomeus-230x230.jpg 230w\" sizes=\"auto, (max-width: 300px) 100vw, 300px\" \/>Barthomeus &#8211; PENED\u00c8S<\/p>\n<\/div><div class=\"tw-element  col-md-3\" style=\"\" ><p style=\"text-align: center;\"><img loading=\"lazy\" decoding=\"async\" class=\"aligncenter wp-image-2571 size-full\" src=\"http:\/\/www.euroestrellas.com\/wp-content\/uploads\/2014\/10\/lligams.jpg\" alt=\"\" width=\"300\" height=\"300\" srcset=\"https:\/\/www.euroestrellas.com\/wp-content\/uploads\/2014\/10\/lligams.jpg 300w, https:\/\/www.euroestrellas.com\/wp-content\/uploads\/2014\/10\/lligams-150x150.jpg 150w, https:\/\/www.euroestrellas.com\/wp-content\/uploads\/2014\/10\/lligams-230x230.jpg 230w\" sizes=\"auto, (max-width: 300px) 100vw, 300px\" \/>Lligams &#8211; PENED\u00c8S<\/p>\n<\/div><div class=\"tw-element  col-md-3\" style=\"\" ><p style=\"text-align: center;\"><img loading=\"lazy\" decoding=\"async\" class=\"aligncenter wp-image-2279 size-full\" src=\"http:\/\/www.euroestrellas.com\/wp-content\/uploads\/2014\/10\/Euroestrellas-vins_0003_FORTIUS-Crianza.jpg\" alt=\"\" width=\"300\" height=\"300\" srcset=\"https:\/\/www.euroestrellas.com\/wp-content\/uploads\/2014\/10\/Euroestrellas-vins_0003_FORTIUS-Crianza.jpg 300w, https:\/\/www.euroestrellas.com\/wp-content\/uploads\/2014\/10\/Euroestrellas-vins_0003_FORTIUS-Crianza-150x150.jpg 150w, https:\/\/www.euroestrellas.com\/wp-content\/uploads\/2014\/10\/Euroestrellas-vins_0003_FORTIUS-Crianza-230x230.jpg 230w\" sizes=\"auto, (max-width: 300px) 100vw, 300px\" \/>Fortius &#8211; NAVARRA<\/p>\n<\/div><\/div><div class=\"row\"><div class=\"tw-element  col-md-12\" style=\"\" ><h3 style=\"text-align: center;\">Grandes Marcas<\/h3>\n<\/div><\/div><div class=\"row\"><div class=\"tw-element  col-md-3\" style=\"\" ><p style=\"text-align: center;\"><img loading=\"lazy\" decoding=\"async\" class=\"aligncenter wp-image-2537 size-full\" src=\"http:\/\/www.euroestrellas.com\/wp-content\/uploads\/2014\/10\/vinasol.jpg\" alt=\"\" width=\"300\" height=\"300\" srcset=\"https:\/\/www.euroestrellas.com\/wp-content\/uploads\/2014\/10\/vinasol.jpg 300w, https:\/\/www.euroestrellas.com\/wp-content\/uploads\/2014\/10\/vinasol-150x150.jpg 150w, https:\/\/www.euroestrellas.com\/wp-content\/uploads\/2014\/10\/vinasol-230x230.jpg 230w\" sizes=\"auto, (max-width: 300px) 100vw, 300px\" \/>Vi\u00f1a Sol &#8211; TORRES<\/p>\n<\/div><div class=\"tw-element  col-md-3\" style=\"\" ><p style=\"text-align: center;\"><img loading=\"lazy\" decoding=\"async\" class=\"aligncenter wp-image-2429 size-full\" src=\"http:\/\/www.euroestrellas.com\/wp-content\/uploads\/2014\/10\/CUNE.jpg\" alt=\"\" width=\"300\" height=\"300\" srcset=\"https:\/\/www.euroestrellas.com\/wp-content\/uploads\/2014\/10\/CUNE.jpg 300w, https:\/\/www.euroestrellas.com\/wp-content\/uploads\/2014\/10\/CUNE-150x150.jpg 150w, https:\/\/www.euroestrellas.com\/wp-content\/uploads\/2014\/10\/CUNE-230x230.jpg 230w\" sizes=\"auto, (max-width: 300px) 100vw, 300px\" \/>Cune &#8211; CUNE<\/p>\n<\/div><div class=\"tw-element  col-md-3\" style=\"\" ><p style=\"text-align: center;\"><img loading=\"lazy\" decoding=\"async\" class=\"aligncenter wp-image-2536 size-full\" src=\"http:\/\/www.euroestrellas.com\/wp-content\/uploads\/2014\/10\/vinatondonia.jpg\" alt=\"\" width=\"300\" height=\"300\" srcset=\"https:\/\/www.euroestrellas.com\/wp-content\/uploads\/2014\/10\/vinatondonia.jpg 300w, https:\/\/www.euroestrellas.com\/wp-content\/uploads\/2014\/10\/vinatondonia-150x150.jpg 150w, https:\/\/www.euroestrellas.com\/wp-content\/uploads\/2014\/10\/vinatondonia-230x230.jpg 230w\" sizes=\"auto, (max-width: 300px) 100vw, 300px\" \/>Vi\u00f1a Tondonia &#8211; BODEGAS LOPEZ DE HEREDIA<\/p>\n<\/div><div class=\"tw-element  col-md-3\" style=\"\" ><p style=\"text-align: center;\"><img loading=\"lazy\" decoding=\"async\" class=\"aligncenter wp-image-2535 size-full\" src=\"http:\/\/www.euroestrellas.com\/wp-content\/uploads\/2014\/10\/cotoimaz.jpg\" alt=\"\" width=\"300\" height=\"300\" srcset=\"https:\/\/www.euroestrellas.com\/wp-content\/uploads\/2014\/10\/cotoimaz.jpg 300w, https:\/\/www.euroestrellas.com\/wp-content\/uploads\/2014\/10\/cotoimaz-150x150.jpg 150w, https:\/\/www.euroestrellas.com\/wp-content\/uploads\/2014\/10\/cotoimaz-230x230.jpg 230w\" sizes=\"auto, (max-width: 300px) 100vw, 300px\" \/>Coto de Imaz &#8211; GRUPO BARON DE LEY<\/p>\n<\/div><\/div><div class=\"row\"><div class=\"tw-element  col-md-3\" style=\"\" ><p style=\"text-align: center;\"><img loading=\"lazy\" decoding=\"async\" class=\"aligncenter wp-image-2540 size-full\" src=\"http:\/\/www.euroestrellas.com\/wp-content\/uploads\/2015\/07\/codorniu1551.jpg\" alt=\"\" width=\"300\" height=\"300\" srcset=\"https:\/\/www.euroestrellas.com\/wp-content\/uploads\/2015\/07\/codorniu1551.jpg 300w, https:\/\/www.euroestrellas.com\/wp-content\/uploads\/2015\/07\/codorniu1551-150x150.jpg 150w, https:\/\/www.euroestrellas.com\/wp-content\/uploads\/2015\/07\/codorniu1551-230x230.jpg 230w\" sizes=\"auto, (max-width: 300px) 100vw, 300px\" \/>1551 &#8211; CODORNIU<\/p>\n<\/div><div class=\"tw-element  col-md-3\" style=\"\" ><p style=\"text-align: center;\"><img loading=\"lazy\" decoding=\"async\" class=\"aligncenter wp-image-2539 size-full\" src=\"http:\/\/www.euroestrellas.com\/wp-content\/uploads\/2015\/07\/freixenet.jpg\" alt=\"\" width=\"300\" height=\"300\" srcset=\"https:\/\/www.euroestrellas.com\/wp-content\/uploads\/2015\/07\/freixenet.jpg 300w, https:\/\/www.euroestrellas.com\/wp-content\/uploads\/2015\/07\/freixenet-150x150.jpg 150w, https:\/\/www.euroestrellas.com\/wp-content\/uploads\/2015\/07\/freixenet-230x230.jpg 230w\" sizes=\"auto, (max-width: 300px) 100vw, 300px\" \/>Brut Barroco &#8211; FREIXENET<\/p>\n<\/div><div class=\"tw-element  col-md-3\" style=\"\" ><p style=\"text-align: center;\"><img loading=\"lazy\" decoding=\"async\" class=\"aligncenter wp-image-2431 size-full\" src=\"http:\/\/www.euroestrellas.com\/wp-content\/uploads\/2014\/10\/llopart.jpg\" alt=\"\" width=\"300\" height=\"300\" srcset=\"https:\/\/www.euroestrellas.com\/wp-content\/uploads\/2014\/10\/llopart.jpg 300w, https:\/\/www.euroestrellas.com\/wp-content\/uploads\/2014\/10\/llopart-150x150.jpg 150w, https:\/\/www.euroestrellas.com\/wp-content\/uploads\/2014\/10\/llopart-230x230.jpg 230w\" sizes=\"auto, (max-width: 300px) 100vw, 300px\" \/>Llopart &#8211; LLOPART<\/p>\n<\/div><div class=\"tw-element  col-md-3\" style=\"\" ><p style=\"text-align: center;\"><img loading=\"lazy\" decoding=\"async\" class=\"aligncenter wp-image-2538 size-full\" src=\"http:\/\/www.euroestrellas.com\/wp-content\/uploads\/2015\/07\/gramona.jpg\" alt=\"\" width=\"300\" height=\"300\" srcset=\"https:\/\/www.euroestrellas.com\/wp-content\/uploads\/2015\/07\/gramona.jpg 300w, https:\/\/www.euroestrellas.com\/wp-content\/uploads\/2015\/07\/gramona-150x150.jpg 150w, https:\/\/www.euroestrellas.com\/wp-content\/uploads\/2015\/07\/gramona-230x230.jpg 230w\" sizes=\"auto, (max-width: 300px) 100vw, 300px\" \/>Gramona &#8211; GRAMONA<\/p>\n<\/div><\/div><div class=\"row\"><div class=\"tw-element  col-md-3\" style=\"\" ><p style=\"text-align: center;\"><img loading=\"lazy\" decoding=\"async\" class=\"aligncenter wp-image-2544 size-full\" src=\"http:\/\/www.euroestrellas.com\/wp-content\/uploads\/2015\/07\/parxet.jpg\" alt=\"\" width=\"300\" height=\"300\" srcset=\"https:\/\/www.euroestrellas.com\/wp-content\/uploads\/2015\/07\/parxet.jpg 300w, https:\/\/www.euroestrellas.com\/wp-content\/uploads\/2015\/07\/parxet-150x150.jpg 150w, https:\/\/www.euroestrellas.com\/wp-content\/uploads\/2015\/07\/parxet-230x230.jpg 230w\" sizes=\"auto, (max-width: 300px) 100vw, 300px\" \/>Parxet &#8211; PARXET<\/p>\n<\/div><div class=\"tw-element  col-md-3\" style=\"\" ><p style=\"text-align: center;\"><img loading=\"lazy\" decoding=\"async\" class=\"aligncenter wp-image-2543 size-full\" src=\"http:\/\/www.euroestrellas.com\/wp-content\/uploads\/2015\/07\/ramonbilbao.jpg\" alt=\"\" width=\"300\" height=\"300\" srcset=\"https:\/\/www.euroestrellas.com\/wp-content\/uploads\/2015\/07\/ramonbilbao.jpg 300w, https:\/\/www.euroestrellas.com\/wp-content\/uploads\/2015\/07\/ramonbilbao-150x150.jpg 150w, https:\/\/www.euroestrellas.com\/wp-content\/uploads\/2015\/07\/ramonbilbao-230x230.jpg 230w\" sizes=\"auto, (max-width: 300px) 100vw, 300px\" \/>Ram\u00f3n Bilbao &#8211; RAM\u00d3N BILBAO<\/p>\n<\/div><div class=\"tw-element  col-md-3\" style=\"\" ><p style=\"text-align: center;\"><img loading=\"lazy\" decoding=\"async\" class=\"aligncenter wp-image-2542 size-full\" src=\"http:\/\/www.euroestrellas.com\/wp-content\/uploads\/2015\/07\/martincodax.jpg\" alt=\"\" width=\"300\" height=\"300\" srcset=\"https:\/\/www.euroestrellas.com\/wp-content\/uploads\/2015\/07\/martincodax.jpg 300w, https:\/\/www.euroestrellas.com\/wp-content\/uploads\/2015\/07\/martincodax-150x150.jpg 150w, https:\/\/www.euroestrellas.com\/wp-content\/uploads\/2015\/07\/martincodax-230x230.jpg 230w\" sizes=\"auto, (max-width: 300px) 100vw, 300px\" \/>Mart\u00edn Codax &#8211; MART\u00cdN CODAX<\/p>\n<\/div><div class=\"tw-element  col-md-3\" style=\"\" ><p style=\"text-align: center;\"><img loading=\"lazy\" decoding=\"async\" class=\"aligncenter wp-image-2541 size-full\" src=\"http:\/\/www.euroestrellas.com\/wp-content\/uploads\/2015\/07\/PROTOS.jpg\" alt=\"\" width=\"300\" height=\"300\" srcset=\"https:\/\/www.euroestrellas.com\/wp-content\/uploads\/2015\/07\/PROTOS.jpg 300w, https:\/\/www.euroestrellas.com\/wp-content\/uploads\/2015\/07\/PROTOS-150x150.jpg 150w, https:\/\/www.euroestrellas.com\/wp-content\/uploads\/2015\/07\/PROTOS-230x230.jpg 230w\" sizes=\"auto, (max-width: 300px) 100vw, 300px\" \/>Protos &#8211; PROTOS<\/p>\n<\/div><\/div><div class=\"row\"><div class=\"tw-element  col-md-3\" style=\"\" ><p style=\"text-align: center;\"><img loading=\"lazy\" decoding=\"async\" class=\"aligncenter wp-image-2547 size-full\" src=\"http:\/\/www.euroestrellas.com\/wp-content\/uploads\/2015\/07\/caceres.jpg\" alt=\"\" width=\"300\" height=\"300\" srcset=\"https:\/\/www.euroestrellas.com\/wp-content\/uploads\/2015\/07\/caceres.jpg 300w, https:\/\/www.euroestrellas.com\/wp-content\/uploads\/2015\/07\/caceres-150x150.jpg 150w, https:\/\/www.euroestrellas.com\/wp-content\/uploads\/2015\/07\/caceres-230x230.jpg 230w\" sizes=\"auto, (max-width: 300px) 100vw, 300px\" \/>Marqu\u00e9s de C\u00e1ceres &#8211; MARQU\u00c9S DE C\u00c1CERES<\/p>\n<\/div><div class=\"tw-element  col-md-3\" style=\"\" ><p style=\"text-align: center;\"><img loading=\"lazy\" decoding=\"async\" class=\"aligncenter wp-image-2546 size-full\" src=\"http:\/\/www.euroestrellas.com\/wp-content\/uploads\/2015\/07\/riscal.jpg\" alt=\"\" width=\"300\" height=\"300\" srcset=\"https:\/\/www.euroestrellas.com\/wp-content\/uploads\/2015\/07\/riscal.jpg 300w, https:\/\/www.euroestrellas.com\/wp-content\/uploads\/2015\/07\/riscal-150x150.jpg 150w, https:\/\/www.euroestrellas.com\/wp-content\/uploads\/2015\/07\/riscal-230x230.jpg 230w\" sizes=\"auto, (max-width: 300px) 100vw, 300px\" \/>Marqu\u00e9s de Riscal &#8211; MARQU\u00c9S DE RISCAL<\/p>\n<\/div><div class=\"tw-element  col-md-3\" style=\"\" ><p style=\"text-align: center;\"><img loading=\"lazy\" decoding=\"async\" class=\"aligncenter wp-image-2430 size-full\" src=\"http:\/\/www.euroestrellas.com\/wp-content\/uploads\/2014\/10\/moet.jpg\" alt=\"\" width=\"300\" height=\"300\" srcset=\"https:\/\/www.euroestrellas.com\/wp-content\/uploads\/2014\/10\/moet.jpg 300w, https:\/\/www.euroestrellas.com\/wp-content\/uploads\/2014\/10\/moet-150x150.jpg 150w, https:\/\/www.euroestrellas.com\/wp-content\/uploads\/2014\/10\/moet-230x230.jpg 230w\" sizes=\"auto, (max-width: 300px) 100vw, 300px\" \/>Mo\u00ebt &amp; Chandon &#8211; MO\u00cbT &amp; CHANDON<\/p>\n<\/div><div class=\"tw-element  col-md-3\" style=\"\" ><p style=\"text-align: center;\"><img loading=\"lazy\" decoding=\"async\" class=\"aligncenter wp-image-2545 size-full\" src=\"http:\/\/www.euroestrellas.com\/wp-content\/uploads\/2015\/07\/mateus.jpg\" alt=\"\" width=\"300\" height=\"300\" srcset=\"https:\/\/www.euroestrellas.com\/wp-content\/uploads\/2015\/07\/mateus.jpg 300w, https:\/\/www.euroestrellas.com\/wp-content\/uploads\/2015\/07\/mateus-150x150.jpg 150w, https:\/\/www.euroestrellas.com\/wp-content\/uploads\/2015\/07\/mateus-230x230.jpg 230w\" sizes=\"auto, (max-width: 300px) 100vw, 300px\" \/>Mateus &#8211; SOGRAPHE VINHOS<\/p>\n<\/div><\/div><div class=\"row\"><div class=\"tw-element  col-md-12\" style=\"\" ><h3 style=\"text-align: center;\">Vinos de mesa<\/h3>\n<p>&nbsp;<\/p>\n<\/div><\/div><div class=\"row\"><div class=\"tw-element  col-md-3\" style=\"\" ><p style=\"text-align: center;\"><img loading=\"lazy\" decoding=\"async\" class=\"aligncenter wp-image-2551 size-full\" src=\"http:\/\/www.euroestrellas.com\/wp-content\/uploads\/2015\/07\/legitimo.jpg\" alt=\"\" width=\"300\" height=\"300\" srcset=\"https:\/\/www.euroestrellas.com\/wp-content\/uploads\/2015\/07\/legitimo.jpg 300w, https:\/\/www.euroestrellas.com\/wp-content\/uploads\/2015\/07\/legitimo-150x150.jpg 150w, https:\/\/www.euroestrellas.com\/wp-content\/uploads\/2015\/07\/legitimo-230x230.jpg 230w\" sizes=\"auto, (max-width: 300px) 100vw, 300px\" \/>Leg\u00edtimo &#8211; BODEGAS SAN VALERO<\/p>\n<\/div><div class=\"tw-element  col-md-3\" style=\"\" ><p style=\"text-align: center;\"><img loading=\"lazy\" decoding=\"async\" class=\"aligncenter wp-image-2550 size-full\" src=\"http:\/\/www.euroestrellas.com\/wp-content\/uploads\/2015\/07\/santana.jpg\" alt=\"\" width=\"300\" height=\"300\" srcset=\"https:\/\/www.euroestrellas.com\/wp-content\/uploads\/2015\/07\/santana.jpg 300w, https:\/\/www.euroestrellas.com\/wp-content\/uploads\/2015\/07\/santana-150x150.jpg 150w, https:\/\/www.euroestrellas.com\/wp-content\/uploads\/2015\/07\/santana-230x230.jpg 230w\" sizes=\"auto, (max-width: 300px) 100vw, 300px\" \/>Santana &#8211; BODEGAS VICTORIANAS<\/p>\n<\/div><div class=\"tw-element  col-md-3\" style=\"\" ><p style=\"text-align: center;\"><img loading=\"lazy\" decoding=\"async\" class=\"aligncenter wp-image-2549 size-full\" src=\"http:\/\/www.euroestrellas.com\/wp-content\/uploads\/2015\/07\/salondebarnals.jpg\" alt=\"\" width=\"300\" height=\"300\" srcset=\"https:\/\/www.euroestrellas.com\/wp-content\/uploads\/2015\/07\/salondebarnals.jpg 300w, https:\/\/www.euroestrellas.com\/wp-content\/uploads\/2015\/07\/salondebarnals-150x150.jpg 150w, https:\/\/www.euroestrellas.com\/wp-content\/uploads\/2015\/07\/salondebarnals-230x230.jpg 230w\" sizes=\"auto, (max-width: 300px) 100vw, 300px\" \/>Salon de Barnals &#8211; BODEGAS ROQUETA<\/p>\n<\/div><div class=\"tw-element  col-md-3\" style=\"\" ><p style=\"text-align: center;\"><img loading=\"lazy\" decoding=\"async\" class=\"aligncenter wp-image-2548 size-full\" src=\"http:\/\/www.euroestrellas.com\/wp-content\/uploads\/2015\/07\/cellerbatea.jpg\" alt=\"\" width=\"300\" height=\"300\" srcset=\"https:\/\/www.euroestrellas.com\/wp-content\/uploads\/2015\/07\/cellerbatea.jpg 300w, https:\/\/www.euroestrellas.com\/wp-content\/uploads\/2015\/07\/cellerbatea-150x150.jpg 150w, https:\/\/www.euroestrellas.com\/wp-content\/uploads\/2015\/07\/cellerbatea-230x230.jpg 230w\" sizes=\"auto, (max-width: 300px) 100vw, 300px\" \/>BIB Vi de Batea Carp\u00f3 &#8211; CELLER BATEA<\/p>\n<\/div><\/div><div class=\"row\"><div class=\"tw-element  col-md-12\" style=\"\" ><p style=\"text-align: center;\"><a href=\"http:\/\/www.euroestrellas.com\/es\/#productos\" target=\"_self\" class=\"btn rounded btn-flat btn-small\" style=\"border-color:#ff0000;background-color:#ff0000\">Volver<span><\/span><\/a><\/p>\n<\/div><\/div><\/div><\/div><\/div><\/div>","protected":false},"excerpt":{"rendered":"<p>Vinos en exclusiva Faustino Rivero &#8211; RIOJA Ladr\u00f3n de Guevara &#8211; RIOJA ALAVESA Faustino V &#8211; RIOJA Torre Ping\u00f3n &#8211; RIBERA DEL DUERO Portia Ebeia &#8211; RIBERA DEL DUERO Torre Ping\u00f3n &#8211; RUEDA Olvena &#8211; SOMONTANO Orballo &#8211; R\u00cdAS BAIXAS Cor del Pais &#8211; MONTSANT Clos de la Terra &#8211; CATALUNYA Mas Maci\u00e0 Suprem &#8211; [&hellip;]<\/p>\n","protected":false},"author":3,"featured_media":0,"parent":0,"menu_order":0,"comment_status":"closed","ping_status":"closed","template":"","meta":{"footnotes":""},"class_list":["post-2639","page","type-page","status-publish","hentry"],"_links":{"self":[{"href":"https:\/\/www.euroestrellas.com\/es\/wp-json\/wp\/v2\/pages\/2639","targetHints":{"allow":["GET"]}}],"collection":[{"href":"https:\/\/www.euroestrellas.com\/es\/wp-json\/wp\/v2\/pages"}],"about":[{"href":"https:\/\/www.euroestrellas.com\/es\/wp-json\/wp\/v2\/types\/page"}],"author":[{"embeddable":true,"href":"https:\/\/www.euroestrellas.com\/es\/wp-json\/wp\/v2\/users\/3"}],"replies":[{"embeddable":true,"href":"https:\/\/www.euroestrellas.com\/es\/wp-json\/wp\/v2\/comments?post=2639"}],"version-history":[{"count":2,"href":"https:\/\/www.euroestrellas.com\/es\/wp-json\/wp\/v2\/pages\/2639\/revisions"}],"predecessor-version":[{"id":2641,"href":"https:\/\/www.euroestrellas.com\/es\/wp-json\/wp\/v2\/pages\/2639\/revisions\/2641"}],"wp:attachment":[{"href":"https:\/\/www.euroestrellas.com\/es\/wp-json\/wp\/v2\/media?parent=2639"}],"curies":[{"name":"wp","href":"https:\/\/api.w.org\/{rel}","templated":true}]}}