{"id":2646,"date":"2015-07-29T06:56:04","date_gmt":"2015-07-29T06:56:04","guid":{"rendered":"http:\/\/www.euroestrellas.com\/?page_id=2646&#038;lang=es"},"modified":"2019-08-27T12:17:20","modified_gmt":"2019-08-27T11:17:20","slug":"trabaja-con-nosotros","status":"publish","type":"page","link":"https:\/\/www.euroestrellas.com\/es\/trabaja-con-nosotros\/","title":{"rendered":"Trabaja con nosotros"},"content":{"rendered":"<div class=\"row-container light bg-scroll\" style=\"\"><div class=\"container\"><div class=\"row\"><div class=\"col-md-12 \"><div class=\"row\"><div class=\"tw-element  col-md-4\" style=\"\" ><p>Si est\u00e1s interesado\/a en trabajar en Euroestrellas, ponte en contacto con nosotros a trav\u00e9s de este formulario.<br \/>Nos pondremos en contacto contigo lo antes posible.<\/p>\n<\/div><div class=\"tw-element  col-md-8\" style=\"\" >\n<div class=\"wpcf7 no-js\" id=\"wpcf7-f2649-o1\" lang=\"ca\" dir=\"ltr\" data-wpcf7-id=\"2649\">\n<div class=\"screen-reader-response\"><p role=\"status\" aria-live=\"polite\" aria-atomic=\"true\"><\/p> <ul><\/ul><\/div>\n<form action=\"\/es\/wp-json\/wp\/v2\/pages\/2646#wpcf7-f2649-o1\" method=\"post\" class=\"wpcf7-form init\" aria-label=\"Formulari de contacte\" enctype=\"multipart\/form-data\" novalidate=\"novalidate\" data-status=\"init\">\n<fieldset class=\"hidden-fields-container\"><input type=\"hidden\" name=\"_wpcf7\" value=\"2649\" \/><input type=\"hidden\" name=\"_wpcf7_version\" value=\"6.1.3\" \/><input type=\"hidden\" name=\"_wpcf7_locale\" value=\"ca\" \/><input type=\"hidden\" name=\"_wpcf7_unit_tag\" value=\"wpcf7-f2649-o1\" \/><input type=\"hidden\" name=\"_wpcf7_container_post\" value=\"0\" \/><input type=\"hidden\" name=\"_wpcf7_posted_data_hash\" value=\"\" \/>\n<\/fieldset>\n<p>Tu Nombre (obligatorio)\n<\/p>\n<p><span class=\"wpcf7-form-control-wrap\" data-name=\"your-name\"><input size=\"40\" maxlength=\"400\" class=\"wpcf7-form-control wpcf7-text wpcf7-validates-as-required\" aria-required=\"true\" aria-invalid=\"false\" value=\"\" type=\"text\" name=\"your-name\" \/><\/span>\n<\/p>\n<p>Tu email (obligatorio)\n<\/p>\n<p><span class=\"wpcf7-form-control-wrap\" data-name=\"your-email\"><input size=\"40\" maxlength=\"400\" class=\"wpcf7-form-control wpcf7-email wpcf7-validates-as-required wpcf7-text wpcf7-validates-as-email\" aria-required=\"true\" aria-invalid=\"false\" value=\"\" type=\"email\" name=\"your-email\" \/><\/span>\n<\/p>\n<p>Asunto\n<\/p>\n<p><span class=\"wpcf7-form-control-wrap\" data-name=\"your-subject\"><input size=\"40\" maxlength=\"400\" class=\"wpcf7-form-control wpcf7-text\" aria-invalid=\"false\" value=\"\" type=\"text\" name=\"your-subject\" \/><\/span>\n<\/p>\n<p>Mensaje\n<\/p>\n<p><span class=\"wpcf7-form-control-wrap\" data-name=\"your-message\"><textarea cols=\"40\" rows=\"10\" maxlength=\"2000\" class=\"wpcf7-form-control wpcf7-textarea\" aria-invalid=\"false\" name=\"your-message\"><\/textarea><\/span>\n<\/p>\n<p>Adjunta tu curriculum\n<\/p>\n<p><span class=\"wpcf7-form-control-wrap\" data-name=\"Elteucurriculum\"><input size=\"40\" class=\"wpcf7-form-control wpcf7-file\" accept=\"audio\/*,video\/*,image\/*\" aria-invalid=\"false\" type=\"file\" name=\"Elteucurriculum\" \/><\/span>\n<\/p>\n<p><span class=\"wpcf7-form-control-wrap\" data-name=\"politica\"><span class=\"wpcf7-form-control wpcf7-acceptance\"><span class=\"wpcf7-list-item\"><input type=\"checkbox\" name=\"politica\" value=\"1\" id=\"politica\" aria-invalid=\"false\" \/><\/span><\/span><\/span> He le\u00eddo y acepto la <a href=\"https:\/\/www.euroestrellas.com\/es\/politica-de-privacidad\/\">Pol\u00edtica de privacidad<\/a>.\n<\/p>\n<p>Informaci\u00f3n b\u00e1sica sobre el tratamiento de datos (LO 3\/2018 y Reglamento (UE) 2016\/679 [RGPD])<br \/>\nResponsable del tratamiento: EUROESTRELLAS GRUP*<br \/>\nFinalidad: Ofrecer y gestionar nuestros servicios de consultoria y gesti\u00f3n empresarial.<br \/>\nDerechos: Puede ejercer los derechos previstos en los art\u00edculos 15 a 22 del RGPD, que se recogen en nuestra <a href=\"https:\/\/www.euroestrellas.com\/es\/politica-de-privacidad\/\">pol\u00edtica de privacidad<\/a>.<br \/>\n*Puede consultar las empresas que conformen EUROESTRELLAS GRUP <a href=\"https:\/\/www.euroestrellas.com\/es\/empresas\/\">aqu\u00ed<\/a>\n<\/p>\n<p>Introduce este c\u00f3digo por seguridad\n<\/p>\n<p><input type=\"hidden\" name=\"_wpcf7_captcha_challenge_captcha-253\" value=\"2412881770\" \/><img loading=\"lazy\" decoding=\"async\" class=\"wpcf7-form-control wpcf7-captchac wpcf7-captcha-captcha-253\" width=\"60\" height=\"20\" alt=\"captcha\" src=\"https:\/\/www.euroestrellas.com\/wp-content\/uploads\/wpcf7_captcha\/2412881770.png\" \/>\n<\/p>\n<p><span class=\"wpcf7-form-control-wrap\" data-name=\"captcha-253\"><input size=\"50\" maxlength=\"8\" class=\"wpcf7-form-control wpcf7-captchar\" autocomplete=\"off\" aria-invalid=\"false\" value=\"\" type=\"text\" name=\"captcha-253\" \/><\/span>\n<\/p>\n<p><input class=\"wpcf7-form-control wpcf7-submit has-spinner\" type=\"submit\" value=\"Enviar\" \/>\n<\/p><div class=\"wpcf7-response-output\" aria-hidden=\"true\"><\/div>\n<\/form>\n<\/div>\n\n<\/div><\/div><\/div><\/div><\/div><\/div>","protected":false},"excerpt":{"rendered":"<p>Si est\u00e1s interesado\/a en trabajar en Euroestrellas, ponte en contacto con nosotros a trav\u00e9s de este formulario.Nos pondremos en contacto contigo lo antes posible. Tu Nombre (obligatorio) Tu email (obligatorio) Asunto Mensaje Adjunta tu curriculum He le\u00eddo y acepto la Pol\u00edtica de privacidad. Informaci\u00f3n b\u00e1sica sobre el tratamiento de datos (LO 3\/2018 y Reglamento (UE) [&hellip;]<\/p>\n","protected":false},"author":3,"featured_media":0,"parent":0,"menu_order":0,"comment_status":"closed","ping_status":"closed","template":"","meta":{"footnotes":""},"class_list":["post-2646","page","type-page","status-publish","hentry"],"_links":{"self":[{"href":"https:\/\/www.euroestrellas.com\/es\/wp-json\/wp\/v2\/pages\/2646","targetHints":{"allow":["GET"]}}],"collection":[{"href":"https:\/\/www.euroestrellas.com\/es\/wp-json\/wp\/v2\/pages"}],"about":[{"href":"https:\/\/www.euroestrellas.com\/es\/wp-json\/wp\/v2\/types\/page"}],"author":[{"embeddable":true,"href":"https:\/\/www.euroestrellas.com\/es\/wp-json\/wp\/v2\/users\/3"}],"replies":[{"embeddable":true,"href":"https:\/\/www.euroestrellas.com\/es\/wp-json\/wp\/v2\/comments?post=2646"}],"version-history":[{"count":2,"href":"https:\/\/www.euroestrellas.com\/es\/wp-json\/wp\/v2\/pages\/2646\/revisions"}],"predecessor-version":[{"id":2648,"href":"https:\/\/www.euroestrellas.com\/es\/wp-json\/wp\/v2\/pages\/2646\/revisions\/2648"}],"wp:attachment":[{"href":"https:\/\/www.euroestrellas.com\/es\/wp-json\/wp\/v2\/media?parent=2646"}],"curies":[{"name":"wp","href":"https:\/\/api.w.org\/{rel}","templated":true}]}}