{"id":2650,"date":"2015-07-29T07:13:23","date_gmt":"2015-07-29T07:13:23","guid":{"rendered":"http:\/\/www.euroestrellas.com\/?page_id=2650&#038;lang=es"},"modified":"2023-11-06T17:06:10","modified_gmt":"2023-11-06T16:06:10","slug":"politica-de-privacidad","status":"publish","type":"page","link":"https:\/\/www.euroestrellas.com\/es\/politica-de-privacidad\/","title":{"rendered":"Pol\u00edtica de privacidad"},"content":{"rendered":"<div class=\"row-container light bg-scroll\" style=\"\"><div class=\"container\"><div class=\"row\"><div class=\"col-md-12 \"><div class=\"row\"><div class=\"tw-element  col-md-12\" style=\"\" ><p>EUROESTRELLAS GRUP*, se compromete a proteger la privacidad de los usuarios que accedan a esta web y\/o cualquiera de sus servicios. La utilizaci\u00f3n de la web y\/o de cualquiera de los servicios ofrecidos por EUROESTRELLAS GRUP* &nbsp;implica la aceptaci\u00f3n por el usuario de las disposiciones contenidas en la presente Pol\u00edtica de Privacidad y que sus datos personales sean tratados seg\u00fan se estipula en ella. Por favor, tenga en cuenta que a pesar de que pueda haber enlaces de nuestra web a otras webs o redes sociales, esta Pol\u00edtica de Privacidad no se aplica a las webs de otras compa\u00f1\u00edas u organizaciones a las que la web est\u00e9 redirigida. EUROESTRELLAS GRUP* no controla el contenido de las webs de terceros, ni acepta cualquier responsabilidad por el contenido o las pol\u00edticas de privacidad de estas webs.<\/p>\n<p><strong>&nbsp;<\/strong><strong>Informaci\u00f3n b\u00e1sica sobre el tratamiento de datos (Reglamento (UE) 2016\/679<\/strong> <strong>y LO 3\/2018)<\/strong><\/p>\n<table border=\"1\" width=\"643\">\n<tbody>\n<tr>\n<td width=\"142\">Responsable del tratamiento<\/td>\n<td width=\"501\">EUROESTRELLAS GRUP*NIF: B62258371<br \/>C\/ Independ\u00e8ncia, 2. Pol. Ind Plans de la Sala&nbsp; 08650&nbsp; Sallent<br \/>Email: info@euroestrellas.com<\/td>\n<\/tr>\n<tr>\n<td width=\"142\">Finalidad del tratamiento<\/td>\n<td width=\"501\">Ofrecer y gestionar nuestros servicios de consultoria y gesti\u00f3n empresarial.<\/td>\n<\/tr>\n<tr>\n<td width=\"142\">Legitimaci\u00f3n<\/td>\n<td width=\"501\">Consentimiento obtenido del interesado cuando nos solicita informaci\u00f3n.<br \/>Ejecuci\u00f3n del contrato de servicios cuando contrata con nosotros.<\/td>\n<\/tr>\n<tr>\n<td width=\"142\">Destinatarios<\/td>\n<td width=\"501\">Los datos no ser\u00e1n comunicados a terceros, salvo que lo exija una Ley o sea necesario para cumplir con la finalidad del tratamiento.<\/td>\n<\/tr>\n<tr>\n<td width=\"142\">Derechos de las personas<\/td>\n<td width=\"501\">Los interesados tienen derecho a ejercer los derechos de acceso, rectificaci\u00f3n, limitaci\u00f3n de tratamiento, supresi\u00f3n, portabilidad y oposici\u00f3n, enviando su solicitud a nuestra direcci\u00f3n.<\/td>\n<\/tr>\n<tr>\n<td width=\"142\">Plazo de conservaci\u00f3n de los datos<\/td>\n<td width=\"501\">Mientras se mantenga la relaci\u00f3n comercial o durante los a\u00f1os necesarios para cumplir con las obligaciones legales.<\/td>\n<\/tr>\n<tr>\n<td width=\"142\">Reclamaci\u00f3n<\/td>\n<td width=\"501\">Los interesados pueden dirigirse a la AEPD para presentar la reclamaci\u00f3n que considere oportuna.<\/td>\n<\/tr>\n<tr>\n<td width=\"142\">Informaci\u00f3n adicional<\/td>\n<td width=\"501\">Puede consultar la informaci\u00f3n adicional y detallada a continuaci\u00f3n en las \u00abPreguntas sobre privacidad\u00bb.<\/td>\n<\/tr>\n<\/tbody>\n<\/table>\n<p><strong><u>Preguntas sobre privacidad<\/u><\/strong><\/p>\n<p>En cumplimiento del Reglamento (UE) 2016\/679 del Parlamento Europeo y del Consejo, de 27 de abril de 2016, (RGPD), y la Ley Org\u00e1nica 3\/2018, de 5 de diciembre, de Protecci\u00f3n de Datos Personales y garant\u00eda de los derechos digitales (LOPDGDD, le ofrecemos la siguiente informaci\u00f3n sobre el tratamiento de sus datos personales:<\/p>\n<p><strong>*<\/strong><strong>\u00bfQui\u00e9n es el responsable del tratamiento de sus datos?<\/strong><\/p>\n<p>Identidad: TRADE EUROESTRELLAS SERVEIS, SL<br \/>NIF: B62258371<br \/>Direcci\u00f3n: C\/ Independ\u00e8ncia, 2. Pol. Ind Plans de la Sala&nbsp; 08650&nbsp; Sallent<br \/>Tel.: 938748280<br \/>Email: info@euroestrellas.com<\/p>\n<p>Identidad: DISTRIBU\u00cfDORA DEL BAGES, SA<br \/>NIF: A08630808<br \/>Direcci\u00f3n: C\/ Independ\u00e8ncia, 2. Pol. Ind Plans de la Sala&nbsp; 08650&nbsp; Sallent<br \/>Tel.: 938748280<br \/>Email: info@euroestrellas.com<\/p>\n<p>Identidad: P5P DISTRIBUCIONS, SA<br \/>NIF: A08877763<br \/>Direcci\u00f3n: C\/ Independ\u00e8ncia, 2. Pol. Ind Plans de la Sala&nbsp; 08650&nbsp; Sallent<br \/>Tel.: 938748280<br \/>Email: info@euroestrellas.com<\/p>\n<p>Identidad: EUROESTRELLAS FRED, SL<br \/>NIF: EUROESTRELLAS FRED, SL<br \/>Direcci\u00f3n: C\/ Independ\u00e8ncia, 2. Pol. Ind Plans de la Sala&nbsp; 08650&nbsp; Sallent<br \/>Tel.: 938748280<br \/>Email: info@euroestrellas.com<\/p>\n<p>Identidad: EUROESTRELLAS ANOIA, SL<br \/>NIF: B64993850<br \/>Direcci\u00f3n: C\/ Independ\u00e8ncia, 2. Pol. Ind Plans de la Sala&nbsp; 08650&nbsp; Sallent<br \/>Tel.: 938748280<br \/>Email: info@euroestrellas.com<\/p>\n<p>Identidad: TRANSPORTS INTEREIX CATALANS, SA<br \/>NIF: A61003554<br \/>Direcci\u00f3n: C\/ Independ\u00e8ncia, 2. Pol. Ind Plans de la Sala&nbsp; 08650&nbsp; Sallent<br \/>Tel.: 938748280<br \/>Email: info@euroestrellas.com<\/p>\n<p>Identidad: TRADE EUROFRADIS, SL<br \/>NIF: B63201180<br \/>Direcci\u00f3n: C\/ Independ\u00e8ncia, 2. Pol. Ind Plans de la Sala&nbsp; 08650&nbsp; Sallent<br \/>Tel.: 938748280<br \/>Email: info@euroestrellas.com<\/p>\n<p>Identidad: EUROESTRELLAS BADALONA, SL<br \/>NIF: B65905721<br \/>Direcci\u00f3n: Pol. Ind. Montigal\u00e0. C\/ Litu\u00e0nia, s\/n&nbsp; 08194 Badalona<br \/>Tel.: 934970077<br \/>Email: badalona@euroestrellas.com<\/p>\n<p>Identidad: BEGUDES CATALUNYA NORD BCN SERVEIS, SA<br \/>NIF: A61327144<br \/>Direcci\u00f3n: Pol. Ind. Montigal\u00e0. C\/ Litu\u00e0nia, s\/n&nbsp; 08194 Badalona<br \/>Tel.: 934970077<br \/>Email: bcn@euroestrellas.com<\/p>\n<p>Identidad: COMERCIAL 3 EXCLUSIVAS Y DISTRIBUCIONES, SA<br \/>NIF: A58336041<br \/>Direcci\u00f3n: Pol. Ind. Montigal\u00e0. C\/ Litu\u00e0nia, s\/n&nbsp; 08194 Badalona<br \/>Tel.: 934970077<br \/>Email: info@euroestrellas.com<\/p>\n<p>Identidad: LA COLOMENSE SERVEIS GENERALS, SA<br \/>NIF: A62435185<br \/>Direcci\u00f3n: Pol. Ind. Montigal\u00e0. C\/ Litu\u00e0nia, s\/n&nbsp; 08194 Badalona<br \/>Tel.: 934970260<br \/>Email: lacolomense.serveis@euroestrellas.com<\/p>\n<p>Identidad: TRADE EUROLOG\u00cdSTIC, SL<br \/>NIF: B62917802<br \/>Direcci\u00f3n: Pol. Ind. Montigal\u00e0. C\/ Litu\u00e0nia, s\/n&nbsp; 08194 Badalona<br \/>Tel.: 934970077<br \/>Email: info@euroestrellas.com<\/p>\n<p>Identidad: DISTRIBUCIONS DEL BAIX PENED\u00c8S, SA<br \/>NIF: A43072933<br \/>Direcci\u00f3n: Ctra. Vendrell a Valls, km 4&nbsp; 43716 Albinyana<br \/>Tel.: 977687555<br \/>Email: dipsa@euroestrellas.com<\/p>\n<p>Identidad: VINYES ALBINYANA, SL<br \/>NIF: B43522499<br \/>Direcci\u00f3n: Ctra. Vendrell a Valls, km 4&nbsp; 43716 Albinyana<br \/>Tel.: 977687555<br \/>Email: info@euroestrellas.com<\/p>\n<p>Identidad: TARRAGONA SERVEIS, SL<br \/>NIF: B43214253<br \/>Direcci\u00f3n: Pol. Ind. l&#8217;Alba &#8211; apartat Correus 124 43840 Vila-Seca<br \/>Tel.: 977394300<br \/>Email: tarragona@euroestrellas.com<\/p>\n<p>Identidad: SEGRE SERVEIS, S.A.<br \/>NIF: A25053190<br \/>Direcci\u00f3n: P.I. Cam\u00ed dels Frares III, Parc. 71 25190 Lleida<br \/>Tel.: 973100444<br \/>Email: segre@euroestrellas.com<\/p>\n<p>Identidad: EUROESTRELLAS TER, SL<br \/>NIF: B17915380<br \/>Direcci\u00f3n: C\/ Tallers, 18 Bis &#8211; P.I. Can Cuca 17410 Sils<br \/>Tel.: 972118511<br \/>Email: euroestrellaster@euroestrellas.com<\/p>\n<p><strong>\u00bfCon qu\u00e9 finalidad tratamos sus datos personales?<\/strong><\/p>\n<ul>\n<li>Tratamos la informaci\u00f3n que se nos facilita para gestionar nuestros servicios de consultoria y gesti\u00f3n empresarial.<\/li>\n<li>En el caso de que se ponga en contacto con nosotros a trav\u00e9s del formulario de contacto de nuestra p\u00e1gina web, los trataremos para gestionar su consulta.<\/li>\n<li>Tambi\u00e9n podremos utilizar sus datos para informar sobre futuras promociones, ofertas y otras acciones comerciales en los casos en que usted ya sea cliente o, si no lo es, cuando nos haya proporcionado su consentimiento en el correspondiente apartado.<\/li>\n<\/ul>\n<p><strong>\u00bfCu\u00e1nto tiempo conservaremos sus datos?<\/strong><\/p>\n<p>Los datos personales proporcionados se conservar\u00e1n mientras sea usuario de nuestros servicios o quiera recibir informaci\u00f3n, dado que puede oponerse al tratamiento de sus datos con fines promocionales, cuando nos los facilite o en cualquier momento posterior, comunic\u00e1ndonoslo al correo info@euroestrellas.com, y luego, durante los plazos establecidos para cumplir con nuestras obligaciones legales, que en el caso documentaci\u00f3n contable y fiscal a efectos mercantiles ser\u00e1n 6 a\u00f1os, de conformidad con el Art. 30 del C\u00f3digo Comercio, y a efectos fiscales ser\u00e1n 4 a\u00f1os, de acuerdo con los art\u00edculos 66 a 70 de la Ley General Tributaria.<\/p>\n<p><strong>\u00bfCu\u00e1l es la legitimaci\u00f3n para el tratamiento de sus datos?<\/strong><\/p>\n<p>Para la gesti\u00f3n de la relaci\u00f3n contractual con el interesado basaremos el tratamiento de los datos en la ejecuci\u00f3n del contrato o en el marco de la relaci\u00f3n precontractual.<\/p>\n<p>Para el env\u00edo de informaci\u00f3n comercial basaremos el tratamiento en su consentimiento, aunque si ya es cliente podremos enviarle informaci\u00f3n sobre productos similares, proporcionando siempre un medio sencillo y gratuito para darse de baja, de acuerdo con lo dispuesto en el art\u00edculo 21.2 de la Ley 34\/2002, de 11 de julio, de servicios de la sociedad de la informaci\u00f3n y de comercio electr\u00f3nico.<\/p>\n<p><strong>\u00bfA qu\u00e9 destinatarios se comunicar\u00e1n sus datos?<\/strong><\/p>\n<p>Los datos no ser\u00e1n comunicados a terceros, salvo que lo exija una ley o sea necesario para cumplir con la finalidad del tratamiento, como ser\u00e1 el caso de las agencias de transporte para el env\u00edo de los pedidos.<\/p>\n<p><strong>\u00bfCu\u00e1les son sus derechos cuando nos facilita sus datos?<\/strong><\/p>\n<ul>\n<li>Cualquier persona tiene derecho a obtener confirmaci\u00f3n sobre si estamos tratando o no sus datos personales.<\/li>\n<li>Los interesados tienen derecho a <strong>acceder <\/strong>a sus datos personales, as\u00ed como a solicitar la <strong>rectificaci\u00f3n<\/strong> de los datos inexactos o, en su caso, solicitar su <strong>supresi\u00f3n <\/strong>cuando, entre otros motivos, los datos ya no sean necesarios para las finalidades para las que se recogieron.<\/li>\n<li>En determinadas circunstancias los interesados podr\u00e1n solicitar la <strong>limitaci\u00f3n del tratamiento <\/strong>de sus datos, en este caso \u00fanicamente los conservaremos para el ejercicio o la defensa de reclamaciones.<\/li>\n<li>Tambi\u00e9n, en determinadas circunstancias y por motivos relacionados con su situaci\u00f3n particular, los interesados pueden <strong>oponerse al tratamiento<\/strong> de sus datos. En este caso dejaremos de tratar los datos, excepto por motivos leg\u00edtimos imperiosos o para el ejercicio o la defensa de posibles reclamaciones.<\/li>\n<li>Los interesados tambi\u00e9n tienen derecho a la <strong>portabilidad <\/strong>de sus datos.<\/li>\n<li>Todo interesado tendr\u00e1 derecho a <strong>no ser objeto de una decisi\u00f3n basada \u00fanicamente en el tratamiento automatizado,<\/strong> incluida la elaboraci\u00f3n de perfiles, que produzca efectos jur\u00eddicos en \u00e9l o le afecte significativamente de modo similar.<\/li>\n<li>Finalmente, los interesados tienen derecho a presentar una reclamaci\u00f3n ante la Autoridad de Control competente.<\/li>\n<\/ul>\n<p><strong>\u00bfC\u00f3mo puede ejercer sus derechos?<\/strong><\/p>\n<p>Enviando un escrito adjuntando una copia de un documento que lo identifique, a nuestra direcci\u00f3n f\u00edsica o la electr\u00f3nica.<\/p>\n<p><strong>\u00bfC\u00f3mo hemos obtenido sus datos?<\/strong><\/p>\n<p>Los datos personales que tratamos proceden del propio interesado. El interesado garantiza que los datos personales facilitados son ciertos y se hace responsable de comunicar cualquier modificaci\u00f3n de estos. Los datos que est\u00e9n marcados con un asterisco ser\u00e1n obligatorios para poder darle el servicio solicitado.<\/p>\n<p><strong>\u00bfQu\u00e9 datos tratamos?<\/strong><\/p>\n<p>Las categor\u00edas de datos que podemos tratar en la prestaci\u00f3n de nuestros servicios son:<\/p>\n<ul>\n<li>Datos de car\u00e1cter identificativo<\/li>\n<li>Direcciones postales o electr\u00f3nicas<\/li>\n<li>Datos de transacciones de bienes y servicios<\/li>\n<\/ul>\n<p>Los datos son limitados, dado que \u00fanicamente tratamos los datos necesarios para la prestaci\u00f3n de nuestros servicios y la gesti\u00f3n de nuestra actividad.<\/p>\n<p><strong>\u00bfRealizamos transferencias internacionales de datos?<\/strong><\/p>\n<p>En la prestaci\u00f3n de nuestros servicios nos valemos de empresas auxiliares que tratan datos por nuestra cuenta fuera de la Uni\u00f3n Europea. Esas transmisiones internacionales de datos est\u00e1n amparadas en las Cl\u00e1usulas contractuales tipo de protecci\u00f3n de datos adoptadas por la Comisi\u00f3n Europea, de conformidad con el procedimiento de examen a que se refiere el art\u00edculo 93, apartado 2 del RGPD.<\/p>\n<p><strong>\u00bfUsamos cookies?<\/strong><\/p>\n<p>Nuestro sitio web no utiliza cookies para recoger informaci\u00f3n de los usuarios. \u00danicamente se utilizan cookies propias, de sesi\u00f3n, con finalidad t\u00e9cnica (aquellas que permiten al usuario la navegaci\u00f3n a trav\u00e9s del sitio web y la utilizaci\u00f3n de las diferentes opciones y servicios que en ella existen).<\/p>\n<p>Esta web puede tener enlaces a web de terceros que tienen pol\u00edticas de privacidad ajenas a nuestra web. En el momento de acceder a estos sitios web usted puede decidir si acepta sus pol\u00edticas de privacidad y de cookies. Con car\u00e1cter general, si navega por internet usted puede aceptar o rechazar las cookies de terceros desde las opciones de configuraci\u00f3n de su navegador<\/p>\n<p><strong>\u00bfQu\u00e9 medidas de seguridad aplicamos?<\/strong><\/p>\n<p>Aplicamos las medidas de seguridad establecidas en el art\u00edculo 32 del RGPD, por tanto, hemos adoptado las medidas de seguridad necesarias para garantizar un nivel de seguridad adecuado al riesgo del tratamiento de datos que realizamos, con mecanismos que nos permiten garantizar la confidencialidad, integridad, disponibilidad y resiliencia permanente de los sistemas y servicios de tratamiento.<\/p>\n<p>Algunas de estas medidas son:<\/p>\n<ul>\n<li>Informaci\u00f3n de las pol\u00edticas de tratamiento de datos al personal.<\/li>\n<li>Realizaci\u00f3n de copias de seguridad peri\u00f3dicas.<\/li>\n<li>Control de acceso a los datos.<\/li>\n<li>Procesos de verificaci\u00f3n, evaluaci\u00f3n y valoraci\u00f3n regulares.<\/li>\n<\/ul>\n<\/div><\/div><\/div><\/div><\/div><\/div>","protected":false},"excerpt":{"rendered":"<p>EUROESTRELLAS GRUP*, se compromete a proteger la privacidad de los usuarios que accedan a esta web y\/o cualquiera de sus servicios. La utilizaci\u00f3n de la web y\/o de cualquiera de los servicios ofrecidos por EUROESTRELLAS GRUP* &nbsp;implica la aceptaci\u00f3n por el usuario de las disposiciones contenidas en la presente Pol\u00edtica de Privacidad y que sus [&hellip;]<\/p>\n","protected":false},"author":3,"featured_media":0,"parent":0,"menu_order":0,"comment_status":"closed","ping_status":"closed","template":"","meta":{"footnotes":""},"class_list":["post-2650","page","type-page","status-publish","hentry"],"_links":{"self":[{"href":"https:\/\/www.euroestrellas.com\/es\/wp-json\/wp\/v2\/pages\/2650","targetHints":{"allow":["GET"]}}],"collection":[{"href":"https:\/\/www.euroestrellas.com\/es\/wp-json\/wp\/v2\/pages"}],"about":[{"href":"https:\/\/www.euroestrellas.com\/es\/wp-json\/wp\/v2\/types\/page"}],"author":[{"embeddable":true,"href":"https:\/\/www.euroestrellas.com\/es\/wp-json\/wp\/v2\/users\/3"}],"replies":[{"embeddable":true,"href":"https:\/\/www.euroestrellas.com\/es\/wp-json\/wp\/v2\/comments?post=2650"}],"version-history":[{"count":10,"href":"https:\/\/www.euroestrellas.com\/es\/wp-json\/wp\/v2\/pages\/2650\/revisions"}],"predecessor-version":[{"id":3475,"href":"https:\/\/www.euroestrellas.com\/es\/wp-json\/wp\/v2\/pages\/2650\/revisions\/3475"}],"wp:attachment":[{"href":"https:\/\/www.euroestrellas.com\/es\/wp-json\/wp\/v2\/media?parent=2650"}],"curies":[{"name":"wp","href":"https:\/\/api.w.org\/{rel}","templated":true}]}}