{"id":2822,"date":"2017-07-31T16:33:07","date_gmt":"2017-07-31T15:33:07","guid":{"rendered":"http:\/\/www.euroestrellas.com\/es\/?page_id=2822"},"modified":"2017-07-31T16:33:26","modified_gmt":"2017-07-31T15:33:26","slug":"terminos-y-condiciones-duso","status":"publish","type":"page","link":"https:\/\/www.euroestrellas.com\/es\/terminos-y-condiciones-duso\/","title":{"rendered":"Terminos y condiciones de uso"},"content":{"rendered":"<div class=\"row-container light bg-scroll\" style=\"\"><div class=\"container\"><div class=\"row\"><div class=\"col-md-12 \"><div class=\"row\"><div class=\"tw-element  col-md-12\" style=\"\" ><h4>INTRODUCCI\u00d3N<\/h4>\n<p><strong>1.1.<\/strong>&nbsp;Gracias por elegir TRADE EUROESTRELLAS S.L. Mediante el uso y el acceso a este sitio web y a las direcciones URL derivadas de www.euroestrellas.com (en adelante los sitios web), usted otorga un contrato vinculante con nuestra sociedad, su contrato con nosotros incluye su aceptaci\u00f3n a estos \u201cT\u00e9rminos y Condiciones de Uso\u201d y a nuestra \u201cPol\u00edtica de Privacidad\u201d. Si no estuviera de acuerdo con cualquiera de los t\u00e9rminos, por favor, le invitamos a que abandone los sitios web.<\/p>\n<p><strong>1.2.<\/strong>&nbsp;Los sitios web son titularidad de TRADE EUROESTRELLAS SL, cuya raz\u00f3n social es TRADE EUROESTRELLAS SL, con sede social en el Pol\u00edgon Industrial Plans de la Sala, Carrer Independ\u00e8ncia, 1, 08650-SallentBarcelona, amb CIF B62258371. Con correo electronico: euroestrellas@euroestrellas.com<\/p>\n<p><strong>1.3.<\/strong>&nbsp;&nbsp;TRADE EUROESTRELLAS te indica que es obligaci\u00f3n del usuario leer las presentes condiciones de uso de los sitios web, consider\u00e1ndose vigentes y por lo tanto aplicables, recomendando a los usuarios imprimir o guardar una copia de los presentes \u201cT\u00e9rminos y condiciones de uso\u201d para posteriormente tener conocimiento de las mismas, si bien las mismas estar\u00e1n en todo momento disponibles en la p\u00e1gina web (www.grupcostabrava.com). Todas las condiciones pueden ser almacenadas y reproducidas por los usuarios\/clientes a trav\u00e9s de cualquier herramienta de los procesadores de texto convencionales en el mercado.<\/p>\n<p><strong>1.4.<\/strong>&nbsp;Para poder usar y navegar los sitios web de Conversia, el Usuario debe tener (a) 18 a\u00f1os o m\u00e1s, o tener 14 y contar con el consentimiento paterno o de su tutor a estos t\u00e9rminos, (b) tener capacidad para otorgar un contrato vinculante con nosotros y que ninguna ley aplicable lo proh\u00edba, y (c) ser residente en Espa\u00f1a. El Usuario tambi\u00e9n garantiza que toda informaci\u00f3n que proporcione a TRADE EUROESTRELLAS sea veraz, precisa y completa, y acepta que as\u00ed sea en todo momento.<\/p>\n<h4>OBJETO<\/h4>\n<p><strong>2.1.<\/strong>&nbsp;Es objeto de los presentes t\u00e9rminos de uso la navegaci\u00f3n, acceso y uso del portal y de su informaci\u00f3n (Browsing, es decir el ojear un espacio con el prop\u00f3sito de reconocer objetos en \u00e9l), esta conducta f\u00e1ctica supone la aceptaci\u00f3n jur\u00eddica autom\u00e1tica y sin modificaci\u00f3n alguna, de los t\u00e9rminos, condiciones y advertencias recogidas en el presente texto. Las conductas descritas confieren la condici\u00f3n de usuario sin necesidad de firma convencional por parte del usuario, en cuanto a los t\u00e9rminos aqu\u00ed establecidos sin perjuicio de la aplicaci\u00f3n de las correspondientes normativas de obligado cumplimiento. Es obligaci\u00f3n de TRADE EUROESTRELLAS advertir que si el usuario estuviera en desacuerdo con los t\u00e9rminos presentes en este documento, el usuario deber\u00e1 abstenerse de acceder a los sitios web, por lo que TRADE EUROESTRELLAS le invita inmediatamente a abandonar este sitio web si est\u00e1 conforme a citada advertencia.<\/p>\n<p><strong>2.2.<\/strong>&nbsp;El Usuario se declara como una persona f\u00edsica o jur\u00eddica, TRADE EUROESTRELLAS declara, y el usuario reconoce, que TRADE EUROESTRELLAS proporciona gran diversidad de informaci\u00f3n, servicios y datos, asumiendo el usuario su responsabilidad en el uso correcto de los sitios web. Esta responsabilidad se extender\u00e1 a todos aquellos usos y pr\u00e1cticas que realice el usuario dentro de los sitios web, as\u00ed como el uso de la informaci\u00f3n, servicios y datos ofrecidos por TRADE EUROESTRELLAS.<\/p>\n<h4>DIRECTRICES DEL USUARIO<\/h4>\n<p><strong>3.1. Directrices de acceso a los sitios web<\/strong><\/p>\n<p><strong>3.1.1.<\/strong>&nbsp;Para acceder a los sitios web, el usuario debe contar con un acceso y conexi\u00f3n a la Red Internet, abonar las tarifas de acceso, tener el equipo\/dispositivo y los sistemas electr\u00f3nicos necesarios para realizar la conexi\u00f3n a la red, incluyendo un terminal que sea adecuado al efecto (ordenador, tel\u00e9fono, Tablet, etc \u2026 ) y un modem u otro dispositivo de acceso an\u00e1logo o similar.<\/p>\n<p><strong>3.1.2.<\/strong>&nbsp;El usuario conoce que el correcto acceso y uso de &nbsp;determinados contenidos y servicios de los sitios web, puede implicar la descarga en sus dispositivos inform\u00e1ticos de determinados programas de ordenador u otros elementos l\u00f3gicos. El usuario es el \u00fanico responsable por la instalaci\u00f3n de citados elementos, declinando TRADE EUROESTRELLAS cualquier tipo de responsabilidad que de ello pudiera derivar.<\/p>\n<p><strong>3.2. Directrices de utilizaci\u00f3n de los sitios web por el usuario.<\/strong><\/p>\n<p><strong>3.2.1.<\/strong>&nbsp;El usuario se obliga a llevar a cabo una utilizaci\u00f3n de los sitios web, sus condiciones, servicios que se pudieran ofrecer, contenidos de conformidad con la Ley, la Moral, las buenas Costumbres y el orden p\u00fablico, no utiliz\u00e1ndolo contrariamente a los &nbsp;contenidos presentes en este texto, de forma lesiva para TRADE EUROESTRELLAS o terceros, o que de cualquier forma pueda da\u00f1ar, inutilizar o deteriorar los sitios web o sus servicios, o impedir un normal disfrute de los sitios web por otros usuarios.<\/p>\n<p><strong>3.2.2.<\/strong>&nbsp;El usuario abstendr\u00e1 de realizar acciones que da\u00f1en, interrumpan o generen errores en los sistemas de TRADE EUROESTRELLAS, as\u00ed como introducir programas, virus, macros, applets, controles ActiveX o cualquier otro dispositivo l\u00f3gico o secuencia de caracteres que causen o sean susceptibles de causar cualquier tipo de alteraci\u00f3n en los sistemas inform\u00e1ticos.<\/p>\n<p><strong>3.2.3.<\/strong>&nbsp;TRADE EUROESTRELLAS se reserva el derecho a denegar o retirar el acceso a los sitios web y\/o a los Servicios, en cualquier momento y sin necesidad de previo aviso a aquellos usuarios que incumplan los t\u00e9rminos y condiciones de uso.<\/p>\n<p><strong>3.3. Limitaci\u00f3n de responsabilidad de TRADE EUROESTRELLAS por el uso de los sitios web<\/strong><\/p>\n<p><strong>3.3.1.<\/strong>&nbsp;Los sitios web pueden albergar contenidos publicitarios o estar patrocinados. Los anunciantes y patrocinadores son los \u00fanicos responsables de asegurarse que el material remitido, para su inclusi\u00f3n en los sitios web, cumple con las leyes que en cada caso puedan ser de aplicaci\u00f3n. TRADE EUROESTRELLAS no ser\u00e1 responsable de cualquier erro, inexactitud o irregularidad que puedan contener los contenidos publicitarios o de los patrocinadores.<\/p>\n<p><strong>3.3.2.<\/strong>&nbsp;TRADE EUROESTRELLAS hace todos los esfuerzos necesarios para ofrecer la informaci\u00f3n contenida en los sitios web de forma veraz y sin errores tipogr\u00e1ficos. En el caso que en alg\u00fan momento se produjera alg\u00fan error de este tipo, ajeno en todo momento a la voluntad de TRADE EUROESTRELLAS, se proceder\u00eda a la subsanaci\u00f3n de la errata a la mayor brevedad y se facilitar\u00e1 al usuario la informaci\u00f3n y opciones establecidas en la legislaci\u00f3n vigente.<\/p>\n<p><strong>3.3.3.<\/strong>&nbsp;TRADE EUROESTRELLAS no ser\u00e1 responsable frente al usuario, en cuanto:<\/p>\n<p>\u2013 la eficacia en la conexi\u00f3n, as\u00ed como la velocidad de acceso a los sitios web por le usuario. Las interferencias, omisiones, interrupciones, virus inform\u00e1ticos, aver\u00edas telef\u00f3nicas o desconexiones en el funcionamiento operativo del sistema electr\u00f3nico por causas ajenas a TRADE EUROESTRELLAS.<\/p>\n<p>\u2013 La informaci\u00f3n introducida por usuarios y terceras persones, ajenas a TRADE EUROESTRELLAS SL y con los que no se mantenga ning\u00fan tipo de acuerdo ni colaboraci\u00f3n contractual.<\/p>\n<p>&nbsp;<\/p>\n<h4>POL\u00cdTICA DE ENLACES Y EXENCIONES DE RESPONSABILIDAD<\/h4>\n<p><strong>4.1.<\/strong>&nbsp;TRADE EUROESTRELLAS no se hace responsable del contenido de las p\u00e1ginas web a las que el usuario pueda acceder a trav\u00e9s de los enlaces establecidos en la plataforma y declara que en ning\u00fan caso proceder\u00e1 a examinar o ejercitar ning\u00fan tipo de control sobre el contenido de otras p\u00e1ginas de la red. Asimismo, tampoco garantizar\u00e1 la disponibilidad t\u00e9cnica, exactitud, veracidad, validez o legalidad de p\u00e1ginas ajenas a su propiedad a las que se pueda acceder por medio de los enlaces.<br \/> <strong>4.2.<\/strong>&nbsp;TRADE EUROESTRELLAS declara haber adoptado todas las medidas necesarias para evitar cualquier da\u00f1o que, a los usuarios de sus sitios webs, pudieran derivarse de la navegaci\u00f3n por internet o pudiera sufrir el usuario.<\/p>\n<h4>VIGENCIA DEL PRESENTE TEXTO<\/h4>\n<p><strong>5.1.<\/strong>&nbsp;TRADE EUROESTRELLAS se reserva el derecho a realizar las modificaciones que considere oportunas, sin aviso previo, en el contenido del sitio web. Tanto en lo referente a los contenidos de los sitios, como en las condiciones de uso de las mismos. Dichas modificaciones podr\u00e1n realizarse, a trav\u00e9s del sitio web, por cualquier forma admisible en derecho y ser\u00e1n de obligado cumplimiento durante el tiempo en que exclusivamente se encuentren publicadas y a disposici\u00f3n en los sitios web y hasta que no sean modificadas por otras posteriores.<\/p>\n<p><strong>5.2.<\/strong>&nbsp;TRADE EUROESTRELLAS se reserva el derecho a actualizar el uso, t\u00e9rminos y condiciones aplicables a los sitios web. Siendo siempre de aplicaci\u00f3n, en beneficio del usuario, los vigentes en el momento en que acceda al sitio web, as\u00ed como los vigentes a fecha de la posible solicitud de servicios, si fuera este el caso. La actualizaci\u00f3n se pre-avisar\u00e1 a trav\u00e9s del sitio web, que se abrir\u00e1 al acceder a la p\u00e1gina con una antelaci\u00f3n m\u00ednima de 15 d\u00edas.<\/p>\n<h4>PROPIEDAD INTELECTUAL E INDUSTRIAL<\/h4>\n<p><strong>6.1.<\/strong>&nbsp;Todos los textos, im\u00e1genes, contenidos, logos, marcas registradas o no, as\u00ed como los medios y formas de presentaci\u00f3n y montaje de los sitios web, son titularidad originaria o derivativamente de TRADE EUROESTRELLAS. Consecuentemente son obras o contenidos protegidos como propiedad intelectual y\/o propiedad industrial por el ordenamiento jur\u00eddico espa\u00f1ol conforme al Real Decreto legislativo 1\/1996, de 12 de abril por lo que se aprueba el Testo Refundido de la Ley de Propiedad intelectual y por la Ley 17\/2001, de 7 de diciembre, si\u00e9ndoles adem\u00e1s aplicables tanto la normativa espa\u00f1ola af\u00edn y comunitaria en los citados campos, como los tratados internacionales relativos a la materia y suscritos por Espa\u00f1a.<\/p>\n<p><strong>6.2.<\/strong>&nbsp;Todos los derechos sobre los contenidos, est\u00e1n reservados quedando prohibida expresamente la reproducci\u00f3n, distribuci\u00f3n, comunicaci\u00f3n p\u00fablica, transformaci\u00f3n y\/o cualquier modalidad de uso, de la totalidad o parte de los contenidos de los sitios web sin el consentimiento expreso de TRADE EUROESTRELLAS.<\/p>\n<h4>LEGISLACI\u00d3N APLICABLE Y JURISDICCI\u00d3N<\/h4>\n<p><strong>7.1.<\/strong>&nbsp;TRADE EUROESTRELLAS se reserva asimismo la facultad de presentar las acciones civiles o penales que considere oportunas por la utilizaci\u00f3n indebida de sus p\u00e1ginas web y contenidos, o por el incumplimiento de las presentes condiciones.<\/p>\n<p><strong>7.2.<\/strong>&nbsp;Las partes acuerdan, de sus libres voluntades que la relaci\u00f3n entre el usuario y TRADE EUROESTRELLAS se regir\u00e1 por la normativa espa\u00f1ola vigente y ser\u00e1n competentes para decidir sobre cualquier controversia que se pudiera suscitar entre el usuario y GRUPO EUROESTRELLAS. Los juzgados o tribunales de la localidad de Manresa.<\/p>\n<p>Sallent (Barcelona), a 27 de Julio de 2015.<\/p>\n<\/div><\/div><\/div><\/div><\/div><\/div>","protected":false},"excerpt":{"rendered":"<p>INTRODUCCI\u00d3N 1.1.&nbsp;Gracias por elegir TRADE EUROESTRELLAS S.L. Mediante el uso y el acceso a este sitio web y a las direcciones URL derivadas de www.euroestrellas.com (en adelante los sitios web), usted otorga un contrato vinculante con nuestra sociedad, su contrato con nosotros incluye su aceptaci\u00f3n a estos \u201cT\u00e9rminos y Condiciones de Uso\u201d y a nuestra [&hellip;]<\/p>\n","protected":false},"author":2,"featured_media":0,"parent":0,"menu_order":0,"comment_status":"closed","ping_status":"closed","template":"","meta":{"footnotes":""},"class_list":["post-2822","page","type-page","status-publish","hentry"],"_links":{"self":[{"href":"https:\/\/www.euroestrellas.com\/es\/wp-json\/wp\/v2\/pages\/2822","targetHints":{"allow":["GET"]}}],"collection":[{"href":"https:\/\/www.euroestrellas.com\/es\/wp-json\/wp\/v2\/pages"}],"about":[{"href":"https:\/\/www.euroestrellas.com\/es\/wp-json\/wp\/v2\/types\/page"}],"author":[{"embeddable":true,"href":"https:\/\/www.euroestrellas.com\/es\/wp-json\/wp\/v2\/users\/2"}],"replies":[{"embeddable":true,"href":"https:\/\/www.euroestrellas.com\/es\/wp-json\/wp\/v2\/comments?post=2822"}],"version-history":[{"count":2,"href":"https:\/\/www.euroestrellas.com\/es\/wp-json\/wp\/v2\/pages\/2822\/revisions"}],"predecessor-version":[{"id":2824,"href":"https:\/\/www.euroestrellas.com\/es\/wp-json\/wp\/v2\/pages\/2822\/revisions\/2824"}],"wp:attachment":[{"href":"https:\/\/www.euroestrellas.com\/es\/wp-json\/wp\/v2\/media?parent=2822"}],"curies":[{"name":"wp","href":"https:\/\/api.w.org\/{rel}","templated":true}]}}