{"id":3474,"date":"2023-11-06T17:54:54","date_gmt":"2023-11-06T16:54:54","guid":{"rendered":"https:\/\/www.euroestrellas.com\/?page_id=3474"},"modified":"2023-11-06T17:54:56","modified_gmt":"2023-11-06T16:54:56","slug":"aviso-legal","status":"publish","type":"page","link":"https:\/\/www.euroestrellas.com\/es\/aviso-legal\/","title":{"rendered":"AVISO LEGAL"},"content":{"rendered":"<div class=\"row-container light bg-scroll\" style=\"\"><div class=\"container\"><div class=\"row\"><div class=\"col-md-12 \"><div class=\"row\"><div class=\"tw-element  col-md-12\" style=\"\" ><p><strong>Informaci\u00f3n de conformidad con el art\u00edculo 10 de la LSSI<\/strong><\/p>\n<p><strong>La titular de esta web es:<\/strong><\/p>\n<p>Identidad: TRADE EUROESTRELLAS SERVEIS, SL<br \/>NIF: B62258371<br \/>Direcci\u00f3n: C\/ Independ\u00e8ncia, 2. Pol. Ind Plans de la Sala&nbsp; 08650&nbsp; Sallent<br \/>Tel.: 938748280<br \/>Email: info@euroestrellas.com<br \/>Inscrita en el Registro Mercantil de Barcelona, Hoja B 216263, Secci\u00f3n 8,&nbsp; Folio 149, Tomo 32584<\/p>\n<p><strong>Condiciones de uso<\/strong><\/p>\n<p>El uso de esta web implica la aceptaci\u00f3n plena de los t\u00e9rminos y condiciones del presente aviso legal.<\/p>\n<p><strong>Propiedad intelectual e industrial<\/strong><\/p>\n<p>La totalidad del contenido de este sitio web, ya sean textos, im\u00e1genes, sonidos, marcas, logotipos u otros elementos, as\u00ed como subestructura, dise\u00f1o, combinaciones de colores o forma de presentaci\u00f3n de los materiales, est\u00e1n protegidos por derechos de propiedad industrial e intelectual que el usuario de este sitio web debe respetar.&nbsp;No es l\u00edcita su transformaci\u00f3n o alteraci\u00f3n, comunicaci\u00f3n p\u00fablica o cualquier otra forma de explotaci\u00f3n por cualquier procedimiento sin la autorizaci\u00f3n expresa de TRADE EUROESTRELLAS SERVEIS, SL.<\/p>\n<p><strong>Responsabilidad sobre los contenidos<\/strong><\/p>\n<p>Aunque TRADE EUROESTRELLAS SERVEIS, SL act\u00faa con la m\u00e1xima diligencia posible, puede darse el caso de que alg\u00fan dato o informaci\u00f3n no est\u00e9 del todo actualizada en el momento que el usuario del sitio web lo consulte. Por ello, las informaciones que se presentan en esta web tienen una funci\u00f3n orientativa y no obligan a TRADE EUROESTRELLAS SERVEIS, SL.<\/p>\n<p>TRADE EUROESTRELLAS SERVEIS, SL no ser\u00e1 responsable de la informaci\u00f3n que se pueda obtener a trav\u00e9s de enlaces incluidos en su web.<\/p>\n<p>TRADE EUROESTRELLAS SERVEIS, SL se reserva la facultad de realizar, en cualquier momento y sin necesidad de preaviso, modificaciones o actualizaciones de la informaci\u00f3n y de cualquiera de los elementos que integren el dise\u00f1o y configuraci\u00f3n de la p\u00e1gina web.<\/p>\n<p><strong>Ley aplicable y jurisdicci\u00f3n:<\/strong><\/p>\n<p>El uso de este sitio web implica la aceptaci\u00f3n plena de los t\u00e9rminos y condiciones de la presente pol\u00edtica legal. Los posibles conflictos relativos a esta web se regir\u00e1n o interpretar\u00e1n conforme a la legislaci\u00f3n espa\u00f1ola y se someter\u00e1n a los Juzgados y Tribunales del domicilio del usuario, cuando este tenga la condici\u00f3n de consumidor o usuario de conformidad con el art. 3 del Real Decreto Legislativo 1\/2007, de 16 de noviembre, por el que se aprueba el texto refundido de la Ley General para la Defensa de los Consumidores y Usuarios y otras leyes complementarias; en caso contrario, ser\u00e1n competentes los Juzgados y Tribunales del domicilio de TRADE EUROESTRELLAS SERVEIS, SL.<\/p>\n<\/div><\/div><\/div><\/div><\/div><\/div>","protected":false},"excerpt":{"rendered":"<p>Informaci\u00f3n de conformidad con el art\u00edculo 10 de la LSSI La titular de esta web es: Identidad: TRADE EUROESTRELLAS SERVEIS, SLNIF: B62258371Direcci\u00f3n: C\/ Independ\u00e8ncia, 2. Pol. Ind Plans de la Sala&nbsp; 08650&nbsp; SallentTel.: 938748280Email: info@euroestrellas.comInscrita en el Registro Mercantil de Barcelona, Hoja B 216263, Secci\u00f3n 8,&nbsp; Folio 149, Tomo 32584 Condiciones de uso El uso [&hellip;]<\/p>\n","protected":false},"author":2,"featured_media":0,"parent":0,"menu_order":0,"comment_status":"closed","ping_status":"closed","template":"","meta":{"footnotes":""},"class_list":["post-3474","page","type-page","status-publish","hentry"],"_links":{"self":[{"href":"https:\/\/www.euroestrellas.com\/es\/wp-json\/wp\/v2\/pages\/3474","targetHints":{"allow":["GET"]}}],"collection":[{"href":"https:\/\/www.euroestrellas.com\/es\/wp-json\/wp\/v2\/pages"}],"about":[{"href":"https:\/\/www.euroestrellas.com\/es\/wp-json\/wp\/v2\/types\/page"}],"author":[{"embeddable":true,"href":"https:\/\/www.euroestrellas.com\/es\/wp-json\/wp\/v2\/users\/2"}],"replies":[{"embeddable":true,"href":"https:\/\/www.euroestrellas.com\/es\/wp-json\/wp\/v2\/comments?post=3474"}],"version-history":[{"count":1,"href":"https:\/\/www.euroestrellas.com\/es\/wp-json\/wp\/v2\/pages\/3474\/revisions"}],"predecessor-version":[{"id":3476,"href":"https:\/\/www.euroestrellas.com\/es\/wp-json\/wp\/v2\/pages\/3474\/revisions\/3476"}],"wp:attachment":[{"href":"https:\/\/www.euroestrellas.com\/es\/wp-json\/wp\/v2\/media?parent=3474"}],"curies":[{"name":"wp","href":"https:\/\/api.w.org\/{rel}","templated":true}]}}